{"id":6624,"date":"2021-06-21T11:21:48","date_gmt":"2021-06-21T11:21:48","guid":{"rendered":"https:\/\/test.agreedo.com\/outlook\/"},"modified":"2024-05-11T12:21:54","modified_gmt":"2024-05-11T10:21:54","slug":"outlook","status":"publish","type":"page","link":"https:\/\/www.agreedo.com\/de\/outlook\/","title":{"rendered":"Outlook Plugin"},"content":{"rendered":"<p>[et_pb_section fb_built=&#8220;1&#8243; _builder_version=&#8220;4.16&#8243; _module_preset=&#8220;default&#8220; background_color=&#8220;#e6f1f3&#8243; da_disable_devices=&#8220;off|off|off&#8220; global_colors_info=&#8220;{}&#8220; da_is_popup=&#8220;off&#8220; da_exit_intent=&#8220;off&#8220; da_has_close=&#8220;on&#8220; da_alt_close=&#8220;off&#8220; da_dark_close=&#8220;off&#8220; da_not_modal=&#8220;on&#8220; da_is_singular=&#8220;off&#8220; da_with_loader=&#8220;off&#8220; da_has_shadow=&#8220;on&#8220;][et_pb_row column_structure=&#8220;1_2,1_2&#8243; make_equal=&#8220;on&#8220; module_class=&#8220;custom_row&#8220; _builder_version=&#8220;4.16&#8243; _module_preset=&#8220;default&#8220; global_colors_info=&#8220;{}&#8220;][et_pb_column type=&#8220;1_2&#8243; module_class=&#8220;second-on-mobile&#8220; _builder_version=&#8220;4.16&#8243; _module_preset=&#8220;default&#8220; custom_css_main_element=&#8220;align-self: center;&#8220; global_colors_info=&#8220;{}&#8220;][et_pb_text _builder_version=&#8220;4.16&#8243; _module_preset=&#8220;default&#8220; text_line_height=&#8220;1.6em&#8220; header_font_size=&#8220;48px&#8220; header_line_height=&#8220;1.2em&#8220; global_colors_info=&#8220;{}&#8220;]<\/p>\n<h1>Integration f\u00fcr Microsoft Outlook<\/h1>\n<p>Mit dem AgreeDo Plugin f\u00fcr Outlook k\u00f6nnen Sie Meeting-Protokolle direkt aus Ihrem Microsoft Outlook Termin erstellen. Das Plugin f\u00fcgt Ihrem Outlook-Kalender neue Schaltfl\u00e4chen hinzu und erm\u00f6glicht es Ihnen, Besprechungsprotokolle hinzuzuf\u00fcgen, anzuzeigen und zu entfernen.<\/p>\n<p>[\/et_pb_text][\/et_pb_column][et_pb_column type=&#8220;1_2&#8243; module_class=&#8220;first-on-mobile&#8220; _builder_version=&#8220;4.16&#8243; _module_preset=&#8220;default&#8220; global_colors_info=&#8220;{}&#8220;][et_pb_image src=&#8220;https:\/\/www.agreedo.com\/wp-content\/uploads\/2021\/06\/outlook-hero.svg&#8220; alt=&#8220;Verbinden Sie AgreeDo mit Microsoft Outlook&#8220; title_text=&#8220;Verbinden Sie AgreeDo mit Microsoft Outlook&#8220; align=&#8220;center&#8220; _builder_version=&#8220;4.16&#8243; _module_preset=&#8220;default&#8220; max_width=&#8220;500px&#8220; global_colors_info=&#8220;{}&#8220;][\/et_pb_image][\/et_pb_column][\/et_pb_row][\/et_pb_section][et_pb_section fb_built=&#8220;1&#8243; _builder_version=&#8220;4.16&#8243; _module_preset=&#8220;default&#8220; da_disable_devices=&#8220;off|off|off&#8220; global_colors_info=&#8220;{}&#8220; da_is_popup=&#8220;off&#8220; da_exit_intent=&#8220;off&#8220; da_has_close=&#8220;on&#8220; da_alt_close=&#8220;off&#8220; da_dark_close=&#8220;off&#8220; da_not_modal=&#8220;on&#8220; da_is_singular=&#8220;off&#8220; da_with_loader=&#8220;off&#8220; da_has_shadow=&#8220;on&#8220;][et_pb_row _builder_version=&#8220;4.16&#8243; _module_preset=&#8220;default&#8220; max_width=&#8220;720px&#8220; module_alignment=&#8220;center&#8220; global_colors_info=&#8220;{}&#8220;][et_pb_column type=&#8220;4_4&#8243; _builder_version=&#8220;4.16&#8243; _module_preset=&#8220;default&#8220; global_colors_info=&#8220;{}&#8220;][et_pb_text _builder_version=&#8220;4.16&#8243; _module_preset=&#8220;default&#8220; text_line_height=&#8220;1.6em&#8220; header_2_font_size=&#8220;30px&#8220; text_orientation=&#8220;center&#8220; global_colors_info=&#8220;{}&#8220;]<\/p>\n<h2>AgreeDo Plugin for Outlook: Features<\/h2>\n<p>[\/et_pb_text][\/et_pb_column][\/et_pb_row][et_pb_row column_structure=&#8220;1_3,1_3,1_3&#8243; _builder_version=&#8220;4.16&#8243; _module_preset=&#8220;default&#8220; global_colors_info=&#8220;{}&#8220;][et_pb_column type=&#8220;1_3&#8243; _builder_version=&#8220;4.16&#8243; _module_preset=&#8220;default&#8220; global_colors_info=&#8220;{}&#8220;][et_pb_blurb title=&#8220;Agenda Hinzuf\u00fcgen&#8220; image=&#8220;https:\/\/www.agreedo.com\/wp-content\/uploads\/2021\/06\/o1-1.svg&#8220; image_icon_width=&#8220;50%&#8220; icon_alignment=&#8220;left&#8220; _builder_version=&#8220;4.16&#8243; _module_preset=&#8220;default&#8220; image_max_width=&#8220;50%&#8220; global_colors_info=&#8220;{}&#8220;]<\/p>\n<p>F\u00fcgen Sie Ihren Outlook Einladungen AgreeDo Besprechungsprotokolle hinzu.<\/p>\n<p>[\/et_pb_blurb][\/et_pb_column][et_pb_column type=&#8220;1_3&#8243; _builder_version=&#8220;4.16&#8243; _module_preset=&#8220;default&#8220; global_colors_info=&#8220;{}&#8220;][et_pb_blurb title=&#8220;Zugriff auf die Agenda sowie die Besprechungsprotokolle &#8220; image=&#8220;https:\/\/www.agreedo.com\/wp-content\/uploads\/2021\/06\/o2-1.svg&#8220; image_icon_width=&#8220;50%&#8220; icon_alignment=&#8220;left&#8220; _builder_version=&#8220;4.16&#8243; _module_preset=&#8220;default&#8220; image_max_width=&#8220;50%&#8220; global_colors_info=&#8220;{}&#8220;]<\/p>\n<p>Direkter Zugriff auf die Agenda von Besprechungen sowie Protokollen, die an Outlook Einladungen anh\u00e4ngen.<\/p>\n<p>[\/et_pb_blurb][\/et_pb_column][et_pb_column type=&#8220;1_3&#8243; _builder_version=&#8220;4.16&#8243; _module_preset=&#8220;default&#8220; global_colors_info=&#8220;{}&#8220;][et_pb_blurb title=&#8220;Erstellen Sie Besprechungsprotokolle zu wiederkehrenden Terminen&#8220; image=&#8220;https:\/\/www.agreedo.com\/wp-content\/uploads\/2021\/06\/o3-1.svg&#8220; image_icon_width=&#8220;50%&#8220; icon_alignment=&#8220;left&#8220; _builder_version=&#8220;4.16&#8243; _module_preset=&#8220;default&#8220; image_max_width=&#8220;50%&#8220; global_colors_info=&#8220;{}&#8220;]<\/p>\n<p>F\u00fcgen Sie Besprechungsprotokolle zu wiederkehrenden Terminen in Microsoft Outlook hinzu.<\/p>\n<p>[\/et_pb_blurb][\/et_pb_column][\/et_pb_row][et_pb_row module_class=&#8220;pa-inline-buttons&#8220; _builder_version=&#8220;4.16&#8243; _module_preset=&#8220;default&#8220; max_width=&#8220;880px&#8220; module_alignment=&#8220;center&#8220; global_colors_info=&#8220;{}&#8220;][et_pb_column type=&#8220;4_4&#8243; _builder_version=&#8220;4.16&#8243; _module_preset=&#8220;default&#8220; global_colors_info=&#8220;{}&#8220;][et_pb_button button_url=&#8220;https:\/\/www.agreedo.com\/misc\/outlook-plugin\/AgreeDo_OutlookPlugin.zip&#8220; url_new_window=&#8220;on&#8220; button_text=&#8220;Outlook Plugin herunterladen&#8220; button_alignment=&#8220;center&#8220; _builder_version=&#8220;4.25.0&#8243; _module_preset=&#8220;default&#8220; custom_button=&#8220;on&#8220; button_text_size=&#8220;16px&#8220; button_text_color=&#8220;#FFFFFF&#8220; button_bg_color=&#8220;#43a9f7&#8243; button_border_width=&#8220;0px&#8220; button_border_radius=&#8220;5px&#8220; button_font=&#8220;Kumbh Sans|700|||||||&#8220; button_use_icon=&#8220;off&#8220; custom_margin=&#8220;|10px|14px|10px|false|true&#8220; custom_padding=&#8220;|30px||30px|false|true&#8220; hover_enabled=&#8220;0&#8243; global_colors_info=&#8220;{}&#8220; sticky_enabled=&#8220;0&#8243;][\/et_pb_button][et_pb_button button_url=&#8220;https:\/\/www.agreedo.com\/misc\/outlook-plugin\/User%20Manual%20AgreeDo%20Plugin%20for%20Outlook.pdf&#8220; button_text=&#8220;Anleitung (PDF) herunterladen&#8220; button_alignment=&#8220;center&#8220; _builder_version=&#8220;4.16&#8243; _module_preset=&#8220;default&#8220; custom_button=&#8220;on&#8220; button_text_size=&#8220;16px&#8220; button_text_color=&#8220;#FFFFFF&#8220; button_bg_color=&#8220;#43a9f7&#8243; button_border_width=&#8220;0px&#8220; button_border_radius=&#8220;5px&#8220; button_font=&#8220;Kumbh Sans|700|||||||&#8220; button_use_icon=&#8220;off&#8220; custom_margin=&#8220;|10px|14px|10px|false|true&#8220; custom_padding=&#8220;|30px||30px|false|true&#8220; global_colors_info=&#8220;{}&#8220;][\/et_pb_button][et_pb_button button_url=&#8220;#guide&#8220; button_text=&#8220;Installationsanleitung&#8220; button_alignment=&#8220;center&#8220; _builder_version=&#8220;4.16&#8243; _module_preset=&#8220;default&#8220; custom_button=&#8220;on&#8220; button_text_size=&#8220;16px&#8220; button_text_color=&#8220;#FFFFFF&#8220; button_bg_color=&#8220;#43a9f7&#8243; button_border_width=&#8220;0px&#8220; button_border_radius=&#8220;5px&#8220; button_font=&#8220;Kumbh Sans|700|||||||&#8220; button_use_icon=&#8220;off&#8220; custom_margin=&#8220;|10px|14px|10px|false|true&#8220; custom_padding=&#8220;|30px||30px|false|true&#8220; global_colors_info=&#8220;{}&#8220;][\/et_pb_button][\/et_pb_column][\/et_pb_row][\/et_pb_section][et_pb_section fb_built=&#8220;1&#8243; admin_label=&#8220;Popup &#8211; #guide&#8220; module_id=&#8220;guide&#8220; module_class=&#8220;popup&#8220; _builder_version=&#8220;4.16&#8243; _module_preset=&#8220;default&#8220; custom_padding=&#8220;0px||||false|false&#8220; da_is_popup=&#8220;on&#8220; da_popup_slug=&#8220;guide&#8220; da_disable_devices=&#8220;off|off|off&#8220; global_colors_info=&#8220;{}&#8220; da_exit_intent=&#8220;off&#8220; da_has_close=&#8220;on&#8220; da_alt_close=&#8220;off&#8220; da_dark_close=&#8220;off&#8220; da_not_modal=&#8220;on&#8220; da_is_singular=&#8220;off&#8220; da_with_loader=&#8220;off&#8220; da_has_shadow=&#8220;on&#8220;][et_pb_row _builder_version=&#8220;4.16&#8243; _module_preset=&#8220;default&#8220; max_width=&#8220;630px&#8220; module_alignment=&#8220;center&#8220; global_colors_info=&#8220;{}&#8220;][et_pb_column type=&#8220;4_4&#8243; _builder_version=&#8220;4.16&#8243; _module_preset=&#8220;default&#8220; global_colors_info=&#8220;{}&#8220;][et_pb_text _builder_version=&#8220;4.16&#8243; _module_preset=&#8220;default&#8220; text_line_height=&#8220;1.6em&#8220; header_2_font_size=&#8220;30px&#8220; text_orientation=&#8220;center&#8220; global_colors_info=&#8220;{}&#8220;]<\/p>\n<h2>Installationsanleitung<\/h2>\n<p>Diese kurze Anleitung leitet Sie Schritt-f\u00fcr-Schritt durch die Installation des Plugins. Sollten Sie dabei auf Probleme sto\u00dfen, senden Sie uns bitte \u00fcber unser Feedback Formular eine Nachricht .<\/p>\n<p>[\/et_pb_text][\/et_pb_column][\/et_pb_row][et_pb_row column_structure=&#8220;1_3,1_3,1_3&#8243; _builder_version=&#8220;4.16&#8243; _module_preset=&#8220;default&#8220; global_colors_info=&#8220;{}&#8220;][et_pb_column type=&#8220;1_3&#8243; _builder_version=&#8220;4.16&#8243; _module_preset=&#8220;default&#8220; global_colors_info=&#8220;{}&#8220;][et_pb_text _builder_version=&#8220;4.16&#8243; _module_preset=&#8220;default&#8220; global_colors_info=&#8220;{}&#8220;]<\/p>\n<h4><span style=\"color: #43a9f7;\">Schritt 1:<\/span> Plugin herunterladen<\/h4>\n<p>Laden Sie das Plugin herunter und starten Sie anschlie\u00dfend setup.exe. Eventuell wird dabei eine Warnmeldung angezeigt.<\/p>\n<p>[\/et_pb_text][et_pb_image src=&#8220;https:\/\/www.agreedo.com\/wp-content\/uploads\/2021\/06\/warning_dialog-1.png&#8220; title_text=&#8220;warning_dialog (1)&#8220; _builder_version=&#8220;4.16&#8243; _module_preset=&#8220;default&#8220; global_colors_info=&#8220;{}&#8220;][\/et_pb_image][et_pb_text _builder_version=&#8220;4.16&#8243; _module_preset=&#8220;default&#8220; global_colors_info=&#8220;{}&#8220;]<\/p>\n<p>Klicken Sie auf den Link &#8222;More info&#8220; wie oben dargestellt.<\/p>\n<p>[\/et_pb_text][\/et_pb_column][et_pb_column type=&#8220;1_3&#8243; _builder_version=&#8220;4.16&#8243; _module_preset=&#8220;default&#8220; global_colors_info=&#8220;{}&#8220;][et_pb_text _builder_version=&#8220;4.16&#8243; _module_preset=&#8220;default&#8220; global_colors_info=&#8220;{}&#8220;]<\/p>\n<h4><span style=\"color: #43a9f7;\">Schritt 2:<\/span> Setup fortsetzen<\/h4>\n<p>Der Dialog weist den Herausgeber als &#8222;Siehec GmbH&#8220; aus. Das ist korrekt. Dr\u00fccken Sie auf den Button &#8222;Run anyway&#8220; wie unten dargestellt.<\/p>\n<p>[\/et_pb_text][et_pb_image src=&#8220;https:\/\/www.agreedo.com\/wp-content\/uploads\/2021\/06\/warning_dialog_2-1.png&#8220; title_text=&#8220;warning_dialog_2 (1)&#8220; _builder_version=&#8220;4.16&#8243; _module_preset=&#8220;default&#8220; global_colors_info=&#8220;{}&#8220;][\/et_pb_image][\/et_pb_column][et_pb_column type=&#8220;1_3&#8243; _builder_version=&#8220;4.16&#8243; _module_preset=&#8220;default&#8220; global_colors_info=&#8220;{}&#8220;][et_pb_text _builder_version=&#8220;4.16&#8243; _module_preset=&#8220;default&#8220; global_colors_info=&#8220;{}&#8220;]<\/p>\n<h4><span style=\"color: #43a9f7;\">Schritt 3:<\/span> Installation starten<\/h4>\n<p>Stellen Sie sicher, dass Outlook geschlossen haben. Sollte Outlook noch laufen, stoppen Sie es jetzt. Klicken Sie auf den &#8222;Install&#8220; Button wie unten dargestellt, um die Installation des Plugins zu starten.<\/p>\n<p>[\/et_pb_text][et_pb_image src=&#8220;https:\/\/www.agreedo.com\/wp-content\/uploads\/2021\/06\/plugin_install_dialog-1.png&#8220; title_text=&#8220;plugin_install_dialog (1)&#8220; _builder_version=&#8220;4.16&#8243; _module_preset=&#8220;default&#8220; global_colors_info=&#8220;{}&#8220;][\/et_pb_image][et_pb_text _builder_version=&#8220;4.16&#8243; _module_preset=&#8220;default&#8220; global_colors_info=&#8220;{}&#8220;]<\/p>\n<p>Der folgende Dialog zeigt, dass die Installation erfolgreich war.<\/p>\n<p>[\/et_pb_text][et_pb_image src=&#8220;https:\/\/www.agreedo.com\/wp-content\/uploads\/2021\/06\/plugin_install_dialog_2-1.png&#8220; title_text=&#8220;plugin_install_dialog_2 (1)&#8220; _builder_version=&#8220;4.16&#8243; _module_preset=&#8220;default&#8220; global_colors_info=&#8220;{}&#8220;][\/et_pb_image][\/et_pb_column][\/et_pb_row][et_pb_row column_structure=&#8220;1_3,1_3,1_3&#8243; _builder_version=&#8220;4.16&#8243; _module_preset=&#8220;default&#8220; global_colors_info=&#8220;{}&#8220;][et_pb_column type=&#8220;1_3&#8243; _builder_version=&#8220;4.16&#8243; _module_preset=&#8220;default&#8220; global_colors_info=&#8220;{}&#8220;][et_pb_text _builder_version=&#8220;4.16&#8243; _module_preset=&#8220;default&#8220; global_colors_info=&#8220;{}&#8220;]<\/p>\n<h4><span style=\"color: #43a9f7;\">Schritt 4:<\/span> Plugin einrichten<\/h4>\n<p>Starten Sie nun Outlook. \u00d6ffnen Sie Ihren Kalender und f\u00fcgen Sie einen Termin hinzu. \u00d6ffnen Sie den Termin. Klicken Sie auf den &#8222;AgreeDo Settings&#8220; Button.<\/p>\n<p>[\/et_pb_text][et_pb_image src=&#8220;https:\/\/www.agreedo.com\/wp-content\/uploads\/2021\/06\/plugin_setup_1-1.png&#8220; title_text=&#8220;plugin_setup_1 (1)&#8220; show_bottom_space=&#8220;off&#8220; _builder_version=&#8220;4.16&#8243; _module_preset=&#8220;default&#8220; global_colors_info=&#8220;{}&#8220;][\/et_pb_image][et_pb_text _builder_version=&#8220;4.16&#8243; _module_preset=&#8220;default&#8220; global_colors_info=&#8220;{}&#8220;]<\/p>\n<p>Damit \u00f6ffnet sich der Settings dialog wie unten dargestellt. Geben Sie nun Ihr AgreeDo Login und Password ein. Klicken Sie dann auf &#8222;Login&#8220; um die Verbindung zu testen. Sollte eine Fehlermeldung erscheinen, \u00fcberpr\u00fcfen Sie Ihr Login und Password. Auf keinen Fall sollten Sie die AgreeDo Server URL \u00e4ndern!<\/p>\n<p>[\/et_pb_text][et_pb_image src=&#8220;https:\/\/www.agreedo.com\/wp-content\/uploads\/2021\/06\/plugin_setup_2-1.png&#8220; title_text=&#8220;plugin_setup_2 (1)&#8220; _builder_version=&#8220;4.16&#8243; _module_preset=&#8220;default&#8220; global_colors_info=&#8220;{}&#8220;][\/et_pb_image][\/et_pb_column][et_pb_column type=&#8220;1_3&#8243; _builder_version=&#8220;4.16&#8243; _module_preset=&#8220;default&#8220; global_colors_info=&#8220;{}&#8220;][et_pb_text _builder_version=&#8220;4.16&#8243; _module_preset=&#8220;default&#8220; global_colors_info=&#8220;{}&#8220;]<\/p>\n<h4><span style=\"color: #43a9f7;\">Schritt 5:<\/span> Lesen Sie die Anleitung<\/h4>\n<p>Ihr Plugin ist nun eingerichtet. Machen Sie sich nun mit der Funktionsweise des Plugins vertraut, in dem Sie die Anleitung lesen.<\/p>\n<p>[\/et_pb_text][\/et_pb_column][et_pb_column type=&#8220;1_3&#8243; _builder_version=&#8220;4.16&#8243; _module_preset=&#8220;default&#8220; global_colors_info=&#8220;{}&#8220;][\/et_pb_column][\/et_pb_row][\/et_pb_section][et_pb_section fb_built=&#8220;1&#8243; _builder_version=&#8220;4.16&#8243; _module_preset=&#8220;default&#8220; custom_padding=&#8220;0px||||false|false&#8220; da_disable_devices=&#8220;off|off|off&#8220; global_colors_info=&#8220;{}&#8220; da_is_popup=&#8220;off&#8220; da_exit_intent=&#8220;off&#8220; da_has_close=&#8220;on&#8220; da_alt_close=&#8220;off&#8220; da_dark_close=&#8220;off&#8220; da_not_modal=&#8220;on&#8220; da_is_singular=&#8220;off&#8220; da_with_loader=&#8220;off&#8220; da_has_shadow=&#8220;on&#8220;][et_pb_row _builder_version=&#8220;4.16&#8243; _module_preset=&#8220;default&#8220; global_colors_info=&#8220;{}&#8220;][et_pb_column type=&#8220;4_4&#8243; _builder_version=&#8220;4.16&#8243; _module_preset=&#8220;default&#8220; global_colors_info=&#8220;{}&#8220;][et_pb_text _builder_version=&#8220;4.16&#8243; _module_preset=&#8220;default&#8220; text_line_height=&#8220;1.6em&#8220; header_2_font_size=&#8220;30px&#8220; text_orientation=&#8220;center&#8220; locked=&#8220;off&#8220; global_colors_info=&#8220;{}&#8220;]<\/p>\n<h2>AgreeDo Plugins f\u00fcr Online Meeting Tools<\/h2>\n<p>[\/et_pb_text][\/et_pb_column][\/et_pb_row][et_pb_row column_structure=&#8220;1_3,1_3,1_3&#8243; use_custom_gutter=&#8220;on&#8220; gutter_width=&#8220;2&#8243; make_equal=&#8220;on&#8220; _builder_version=&#8220;4.16&#8243; _module_preset=&#8220;default&#8220; global_colors_info=&#8220;{}&#8220;][et_pb_column type=&#8220;1_3&#8243; _builder_version=&#8220;4.16&#8243; _module_preset=&#8220;default&#8220; custom_padding=&#8220;40px|30px|40px|30px|true|true&#8220; border_radii=&#8220;on|10px|10px|10px|10px&#8220; box_shadow_style=&#8220;preset3&#8243; box_shadow_blur=&#8220;21px&#8220; box_shadow_spread=&#8220;-3px&#8220; box_shadow_color=&#8220;rgba(67,169,247,0.21)&#8220; global_colors_info=&#8220;{}&#8220;][et_pb_image src=&#8220;https:\/\/www.agreedo.com\/wp-content\/uploads\/2022\/02\/webex-logo-color-75&#215;54-1.png&#8220; alt=&#8220;Webex&#8220; title_text=&#8220;webex-logo-color-75&#215;54&#8243; _builder_version=&#8220;4.16&#8243; _module_preset=&#8220;default&#8220; global_colors_info=&#8220;{}&#8220;][\/et_pb_image][et_pb_text _builder_version=&#8220;4.16&#8243; _module_preset=&#8220;default&#8220; global_colors_info=&#8220;{}&#8220;]<\/p>\n<h3>Webex<\/h3>\n<p>Sie k\u00f6nnen einer <a href=\"https:\/\/www.webex.com\/\" rel=\"nofollow noopener\" target=\"_blank\">Webex<\/a> Sitzung direkt aus einem AgreeDo Meeting beitreten<\/p>\n<p>[\/et_pb_text][et_pb_button button_url=&#8220;@ET-DC@eyJkeW5hbWljIjp0cnVlLCJjb250ZW50IjoicG9zdF9saW5rX3VybF9wYWdlIiwic2V0dGluZ3MiOnsicG9zdF9pZCI6IjYzNjAiLCJlbmFibGVfaHRtbCI6Im9mZiJ9fQ==@&#8220; button_text=&#8220;Kostenlos registrieren&#8220; _builder_version=&#8220;4.16&#8243; _dynamic_attributes=&#8220;button_url&#8220; _module_preset=&#8220;default&#8220; custom_button=&#8220;on&#8220; button_text_size=&#8220;18px&#8220; button_text_color=&#8220;#FFFFFF&#8220; button_bg_color=&#8220;#43a9f7&#8243; button_border_width=&#8220;0px&#8220; button_border_radius=&#8220;5px&#8220; button_font=&#8220;Kumbh Sans|700|||||||&#8220; button_use_icon=&#8220;off&#8220; custom_padding=&#8220;|30px||30px|false|true&#8220; global_colors_info=&#8220;{}&#8220;][\/et_pb_button][\/et_pb_column][et_pb_column type=&#8220;1_3&#8243; _builder_version=&#8220;4.16&#8243; _module_preset=&#8220;default&#8220; custom_padding=&#8220;40px|30px|40px|30px|true|true&#8220; border_radii=&#8220;on|10px|10px|10px|10px&#8220; box_shadow_style=&#8220;preset3&#8243; box_shadow_blur=&#8220;21px&#8220; box_shadow_spread=&#8220;-3px&#8220; box_shadow_color=&#8220;rgba(67,169,247,0.21)&#8220; global_colors_info=&#8220;{}&#8220;][et_pb_image src=&#8220;https:\/\/www.agreedo.com\/wp-content\/uploads\/2021\/06\/microsoft-team-logo.svg&#8220; title_text=&#8220;microsoft-team-logo&#8220; _builder_version=&#8220;4.16&#8243; _module_preset=&#8220;default&#8220; global_colors_info=&#8220;{}&#8220;][\/et_pb_image][et_pb_text _builder_version=&#8220;4.16&#8243; _module_preset=&#8220;default&#8220; global_colors_info=&#8220;{}&#8220;]<\/p>\n<h3>Microsoft Teams<\/h3>\n<p>Sie k\u00f6nnen einer <a href=\"https:\/\/www.microsoft.com\/de-de\/microsoft-teams\/group-chat-software\" rel=\"nofollow noopener\" target=\"_blank\">Microsoft Teams<\/a> Sitzung direkt von einem AgreeDo Meeting aus beitreten. Schreiben Sie Ihre Besprechungsprotokolle in Microsoft Teams-Sitzungen!<\/p>\n<p>[\/et_pb_text][et_pb_button button_url=&#8220;@ET-DC@eyJkeW5hbWljIjp0cnVlLCJjb250ZW50IjoicG9zdF9saW5rX3VybF9wYWdlIiwic2V0dGluZ3MiOnsicG9zdF9pZCI6IjYzNjAiLCJlbmFibGVfaHRtbCI6Im9mZiJ9fQ==@&#8220; button_text=&#8220;Kostenlos registrieren&#8220; _builder_version=&#8220;4.16&#8243; _dynamic_attributes=&#8220;button_url&#8220; _module_preset=&#8220;default&#8220; custom_button=&#8220;on&#8220; button_text_size=&#8220;18px&#8220; button_text_color=&#8220;#FFFFFF&#8220; button_bg_color=&#8220;#43a9f7&#8243; button_border_width=&#8220;0px&#8220; button_border_radius=&#8220;5px&#8220; button_font=&#8220;Kumbh Sans|700|||||||&#8220; button_use_icon=&#8220;off&#8220; custom_padding=&#8220;|30px||30px|false|true&#8220; global_colors_info=&#8220;{}&#8220;][\/et_pb_button][\/et_pb_column][et_pb_column type=&#8220;1_3&#8243; _builder_version=&#8220;4.16&#8243; _module_preset=&#8220;default&#8220; custom_padding=&#8220;40px|30px|40px|30px|true|true&#8220; border_radii=&#8220;on|10px|10px|10px|10px&#8220; box_shadow_style=&#8220;preset3&#8243; box_shadow_blur=&#8220;21px&#8220; box_shadow_spread=&#8220;-3px&#8220; box_shadow_color=&#8220;rgba(67,169,247,0.21)&#8220; global_colors_info=&#8220;{}&#8220;][et_pb_image src=&#8220;https:\/\/www.agreedo.com\/wp-content\/uploads\/2021\/06\/gotomeeting-logo.svg&#8220; alt=&#8220;gotomeeting logo&#8220; title_text=&#8220;gotomeeting-logo&#8220; _builder_version=&#8220;4.16&#8243; _module_preset=&#8220;default&#8220; global_colors_info=&#8220;{}&#8220;][\/et_pb_image][et_pb_text _builder_version=&#8220;4.16&#8243; _module_preset=&#8220;default&#8220; global_colors_info=&#8220;{}&#8220;]<\/p>\n<h3>GoToMeeting<\/h3>\n<p>Sie k\u00f6nnen einer <a href=\"https:\/\/www.goto.com\/\" rel=\"nofollow noopener\" target=\"_blank\">GoToMeeting<\/a> Session direkt von einem AgreeDo Meeting aus beitreten.<\/p>\n<p>[\/et_pb_text][et_pb_button button_url=&#8220;@ET-DC@eyJkeW5hbWljIjp0cnVlLCJjb250ZW50IjoicG9zdF9saW5rX3VybF9wYWdlIiwic2V0dGluZ3MiOnsicG9zdF9pZCI6IjYzNjAiLCJlbmFibGVfaHRtbCI6Im9mZiJ9fQ==@&#8220; button_text=&#8220;Kostenlos registrieren&#8220; _builder_version=&#8220;4.16&#8243; _dynamic_attributes=&#8220;button_url&#8220; _module_preset=&#8220;default&#8220; custom_button=&#8220;on&#8220; button_text_size=&#8220;18px&#8220; button_text_color=&#8220;#FFFFFF&#8220; button_bg_color=&#8220;#43a9f7&#8243; button_border_width=&#8220;0px&#8220; button_border_radius=&#8220;5px&#8220; button_font=&#8220;Kumbh Sans|700|||||||&#8220; button_use_icon=&#8220;off&#8220; custom_padding=&#8220;|30px||30px|false|true&#8220; global_colors_info=&#8220;{}&#8220;][\/et_pb_button][\/et_pb_column][\/et_pb_row][\/et_pb_section]<\/p>\n","protected":false},"excerpt":{"rendered":"<p>Integration f\u00fcr Microsoft Outlook Mit dem AgreeDo Plugin f\u00fcr Outlook k\u00f6nnen Sie Meeting-Protokolle direkt aus Ihrem Microsoft Outlook Termin erstellen. Das Plugin f\u00fcgt Ihrem Outlook-Kalender neue Schaltfl\u00e4chen hinzu und erm\u00f6glicht es Ihnen, Besprechungsprotokolle hinzuzuf\u00fcgen, anzuzeigen und zu entfernen.AgreeDo Plugin for Outlook: FeaturesF\u00fcgen Sie Ihren Outlook Einladungen AgreeDo Besprechungsprotokolle hinzu.Direkter Zugriff auf die Agenda von Besprechungen [&hellip;]<\/p>\n","protected":false},"author":2,"featured_media":0,"parent":0,"menu_order":0,"comment_status":"closed","ping_status":"closed","template":"","meta":{"_et_pb_use_builder":"on","_et_pb_old_content":"","_et_gb_content_width":"","footnotes":""},"class_list":["post-6624","page","type-page","status-publish","hentry"],"_links":{"self":[{"href":"https:\/\/www.agreedo.com\/de\/wp-json\/wp\/v2\/pages\/6624","targetHints":{"allow":["GET"]}}],"collection":[{"href":"https:\/\/www.agreedo.com\/de\/wp-json\/wp\/v2\/pages"}],"about":[{"href":"https:\/\/www.agreedo.com\/de\/wp-json\/wp\/v2\/types\/page"}],"author":[{"embeddable":true,"href":"https:\/\/www.agreedo.com\/de\/wp-json\/wp\/v2\/users\/2"}],"replies":[{"embeddable":true,"href":"https:\/\/www.agreedo.com\/de\/wp-json\/wp\/v2\/comments?post=6624"}],"version-history":[{"count":12,"href":"https:\/\/www.agreedo.com\/de\/wp-json\/wp\/v2\/pages\/6624\/revisions"}],"predecessor-version":[{"id":19496,"href":"https:\/\/www.agreedo.com\/de\/wp-json\/wp\/v2\/pages\/6624\/revisions\/19496"}],"wp:attachment":[{"href":"https:\/\/www.agreedo.com\/de\/wp-json\/wp\/v2\/media?parent=6624"}],"curies":[{"name":"wp","href":"https:\/\/api.w.org\/{rel}","templated":true}]}}