{"id":6631,"date":"2021-06-21T11:57:40","date_gmt":"2021-06-21T11:57:40","guid":{"rendered":"https:\/\/test.agreedo.com\/pricing\/"},"modified":"2022-01-13T15:27:52","modified_gmt":"2022-01-13T14:27:52","slug":"pricing","status":"publish","type":"page","link":"https:\/\/www.agreedo.com\/de\/pricing\/","title":{"rendered":"Preise"},"content":{"rendered":"<p>[et_pb_section fb_built=&#8220;1&#8243; _builder_version=&#8220;4.9.4&#8243; _module_preset=&#8220;default&#8220; background_color=&#8220;#6ebcf7&#8243; background_image=&#8220;https:\/\/www.agreedo.com\/wp-content\/uploads\/2021\/06\/pricing-hero-scaled.jpg&#8220; da_disable_devices=&#8220;off|off|off&#8220; global_colors_info=&#8220;{}&#8220; da_is_popup=&#8220;off&#8220; da_exit_intent=&#8220;off&#8220; da_has_close=&#8220;on&#8220; da_alt_close=&#8220;off&#8220; da_dark_close=&#8220;off&#8220; da_not_modal=&#8220;on&#8220; da_is_singular=&#8220;off&#8220; da_with_loader=&#8220;off&#8220; da_has_shadow=&#8220;on&#8220;][et_pb_row make_equal=&#8220;on&#8220; module_class=&#8220;custom_row&#8220; _builder_version=&#8220;4.9.4&#8243; _module_preset=&#8220;default&#8220; max_width=&#8220;520px&#8220; module_alignment=&#8220;center&#8220; global_colors_info=&#8220;{}&#8220;][et_pb_column type=&#8220;4_4&#8243; module_class=&#8220;second-on-mobile&#8220; _builder_version=&#8220;4.9.4&#8243; _module_preset=&#8220;default&#8220; custom_css_main_element=&#8220;align-self: center;&#8220; global_colors_info=&#8220;{}&#8220;][et_pb_text _builder_version=&#8220;4.9.4&#8243; _module_preset=&#8220;default&#8220; text_line_height=&#8220;1.6em&#8220; header_font_size=&#8220;48px&#8220; header_line_height=&#8220;1.2em&#8220; text_orientation=&#8220;center&#8220; background_layout=&#8220;dark&#8220; global_colors_info=&#8220;{}&#8220;]<\/p>\n<h1>Preise<\/h1>\n<p>Nach Ablauf der Testphase k\u00f6nnen Sie entscheiden, ob Sie auf die kostenpflichtige Premium Version upgraden oder weiterhin die kostenfreie Version von AgreeDo nutzen m\u00f6chten.<\/p>\n<p>[\/et_pb_text][et_pb_divider show_divider=&#8220;off&#8220; _builder_version=&#8220;4.9.4&#8243; _module_preset=&#8220;default&#8220; height=&#8220;100px&#8220; global_colors_info=&#8220;{}&#8220;][\/et_pb_divider][\/et_pb_column][\/et_pb_row][\/et_pb_section][et_pb_section fb_built=&#8220;1&#8243; _builder_version=&#8220;4.9.4&#8243; _module_preset=&#8220;default&#8220; custom_padding=&#8220;0px||||false|false&#8220; da_disable_devices=&#8220;off|off|off&#8220; global_colors_info=&#8220;{}&#8220; da_is_popup=&#8220;off&#8220; da_exit_intent=&#8220;off&#8220; da_has_close=&#8220;on&#8220; da_alt_close=&#8220;off&#8220; da_dark_close=&#8220;off&#8220; da_not_modal=&#8220;on&#8220; da_is_singular=&#8220;off&#8220; da_with_loader=&#8220;off&#8220; da_has_shadow=&#8220;on&#8220;][et_pb_row column_structure=&#8220;1_3,1_3,1_3&#8243; use_custom_gutter=&#8220;on&#8220; gutter_width=&#8220;2&#8243; _builder_version=&#8220;4.9.4&#8243; _module_preset=&#8220;default&#8220; width=&#8220;90%&#8220; global_colors_info=&#8220;{}&#8220;][et_pb_column type=&#8220;1_3&#8243; _builder_version=&#8220;4.9.4&#8243; _module_preset=&#8220;default&#8220; custom_padding=&#8220;|30px||30px|false|true&#8220; global_colors_info=&#8220;{}&#8220;][et_pb_divider show_divider=&#8220;off&#8220; _builder_version=&#8220;4.9.4&#8243; _module_preset=&#8220;default&#8220; height=&#8220;30px&#8220; global_colors_info=&#8220;{}&#8220;][\/et_pb_divider][et_pb_text _builder_version=&#8220;4.9.4&#8243; _module_preset=&#8220;default&#8220; text_line_height=&#8220;1.6em&#8220; header_2_font_size=&#8220;25px&#8220; custom_margin=&#8220;||0px||false|false&#8220; custom_padding=&#8220;||10px||false|false&#8220; global_colors_info=&#8220;{}&#8220;]<\/p>\n<h2>Basic Edition<\/h2>\n<p>[\/et_pb_text][et_pb_button button_url=&#8220;@ET-DC@eyJkeW5hbWljIjp0cnVlLCJjb250ZW50IjoicG9zdF9saW5rX3VybF9wYWdlIiwic2V0dGluZ3MiOnsicG9zdF9pZCI6IjYzNjAifX0=@&#8220; button_text=&#8220;JETZT REGISTRIEREN!&#8220; button_alignment=&#8220;center&#8220; _builder_version=&#8220;4.9.4&#8243; _dynamic_attributes=&#8220;button_url&#8220; _module_preset=&#8220;default&#8220; custom_button=&#8220;on&#8220; button_text_size=&#8220;18px&#8220; button_text_color=&#8220;#43a9f7&#8243; button_bg_color=&#8220;#e1f2ff&#8220; button_border_width=&#8220;0px&#8220; button_border_radius=&#8220;5px&#8220; button_font=&#8220;Kumbh Sans|700|||||||&#8220; button_use_icon=&#8220;off&#8220; custom_margin=&#8220;||30px||false|false&#8220; custom_padding=&#8220;|30px||30px|false|true&#8220; custom_css_main_element=&#8220;width: 100%;&#8220; global_colors_info=&#8220;{}&#8220;][\/et_pb_button][et_pb_text _builder_version=&#8220;4.9.4&#8243; _module_preset=&#8220;default&#8220; text_line_height=&#8220;1.6em&#8220; header_2_font_size=&#8220;30px&#8220; custom_margin=&#8220;||0px||false|false&#8220; custom_padding=&#8220;||10px||false|false&#8220; global_colors_info=&#8220;{}&#8220;]<\/p>\n<h3>Kostenlos<\/h3>\n<p>[\/et_pb_text][et_pb_text _builder_version=&#8220;4.9.4&#8243; _module_preset=&#8220;default&#8220; ul_font_size=&#8220;15px&#8220; ul_line_height=&#8220;2.4em&#8220; global_colors_info=&#8220;{}&#8220;]<\/p>\n<ul>\n<li>Besprechungen planen und Protokolle erstellen<\/li>\n<li>ICS Integration (Outlook, Google Calendar, etc.)<\/li>\n<li>SSL Verschl\u00fcsselung<\/li>\n<li><strong>4<\/strong> Meetings pro Monat<\/li>\n<li><strong>3<\/strong> Teilnehmer pro Meeting<\/li>\n<li><strong>1<\/strong> Dateianh\u00e4nge pro Meeting<\/li>\n<li>Einfache Suchfunktion<\/li>\n<\/ul>\n<p>[\/et_pb_text][\/et_pb_column][et_pb_column type=&#8220;1_3&#8243; _builder_version=&#8220;4.9.4&#8243; _module_preset=&#8220;default&#8220; background_color=&#8220;#FFFFFF&#8220; custom_padding=&#8220;40px|30px|40px|30px|true|true&#8220; custom_css_main_element=&#8220;margin-top: -100px;&#8220; box_shadow_style=&#8220;preset3&#8243; box_shadow_vertical=&#8220;21px&#8220; box_shadow_blur=&#8220;27px&#8220; box_shadow_color=&#8220;rgba(0,0,0,0.1)&#8220; global_colors_info=&#8220;{}&#8220; custom_css_main_element_last_edited=&#8220;on|phone&#8220; custom_css_main_element_phone=&#8220;margin-top: 0px;&#8220; custom_css_main_element_tablet=&#8220;margin-top: -100px;&#8220;][et_pb_text _builder_version=&#8220;4.9.4&#8243; _module_preset=&#8220;default&#8220; text_font=&#8220;|600|||||||&#8220; text_text_color=&#8220;#dea7b0&#8243; text_font_size=&#8220;16px&#8220; background_color=&#8220;#faedef&#8220; text_orientation=&#8220;center&#8220; custom_margin=&#8220;||20px||false|false&#8220; custom_padding=&#8220;10px||10px||true|false&#8220; border_radii=&#8220;on|50px|50px|50px|50px&#8220; global_colors_info=&#8220;{}&#8220;]<\/p>\n<p>Beliebtestes Angebot<\/p>\n<p>[\/et_pb_text][et_pb_divider show_divider=&#8220;off&#8220; _builder_version=&#8220;4.9.4&#8243; _module_preset=&#8220;default&#8220; height=&#8220;30px&#8220; global_colors_info=&#8220;{}&#8220;][\/et_pb_divider][et_pb_text _builder_version=&#8220;4.9.4&#8243; _module_preset=&#8220;default&#8220; text_line_height=&#8220;1.6em&#8220; header_2_font_size=&#8220;25px&#8220; custom_margin=&#8220;||0px||false|false&#8220; custom_padding=&#8220;||10px||false|false&#8220; global_colors_info=&#8220;{}&#8220;]<\/p>\n<h2>Premium<\/h2>\n<p>[\/et_pb_text][et_pb_button button_url=&#8220;@ET-DC@eyJkeW5hbWljIjp0cnVlLCJjb250ZW50IjoicG9zdF9saW5rX3VybF9wYWdlIiwic2V0dGluZ3MiOnsicG9zdF9pZCI6IjYzNjAifX0=@&#8220; button_text=&#8220;KOSTENLOSER TRIAL&#8220; button_alignment=&#8220;center&#8220; _builder_version=&#8220;4.9.4&#8243; _dynamic_attributes=&#8220;button_url&#8220; _module_preset=&#8220;default&#8220; custom_button=&#8220;on&#8220; button_text_size=&#8220;18px&#8220; button_text_color=&#8220;#FFFFFF&#8220; button_bg_color=&#8220;#43a9f7&#8243; button_border_width=&#8220;0px&#8220; button_border_radius=&#8220;5px&#8220; button_font=&#8220;Kumbh Sans|700|||||||&#8220; button_use_icon=&#8220;off&#8220; custom_margin=&#8220;||30px||false|false&#8220; custom_padding=&#8220;|30px||30px|false|true&#8220; custom_css_main_element=&#8220;width: 100%;&#8220; global_colors_info=&#8220;{}&#8220;][\/et_pb_button][et_pb_text _builder_version=&#8220;4.9.4&#8243; _module_preset=&#8220;default&#8220; text_line_height=&#8220;1.6em&#8220; header_2_font_size=&#8220;30px&#8220; custom_margin=&#8220;||0px||false|false&#8220; custom_padding=&#8220;||10px||false|false&#8220; global_colors_info=&#8220;{}&#8220;]<\/p>\n<h3>\u20ac 7,9<span style=\"color: #c6ccd1;\">\/Monat <\/span><\/h3>\n<p>[\/et_pb_text][et_pb_text _builder_version=&#8220;4.9.4&#8243; _module_preset=&#8220;default&#8220; ul_font_size=&#8220;15px&#8220; ul_line_height=&#8220;2.4em&#8220; global_colors_info=&#8220;{}&#8220;]<\/p>\n<ul>\n<li>Besprechungen planen und Protokolle erstellen<\/li>\n<li>ICS Integration (Outlook, Google Calendar, etc.)<\/li>\n<li>SSL Verschl\u00fcsselung<\/li>\n<li><strong>Unlimitiert<\/strong> Meetings<\/li>\n<li><strong>Unlimitiert<\/strong> Teilnehmer<\/li>\n<li><strong>Unlimitiert<\/strong> Dateianh\u00e4nge<\/li>\n<li>Erweiterte Suchfunktion<\/li>\n<li>Anpassbares Drucklayout<\/li>\n<li>Moderierte Besprechungen<\/li>\n<li>Export nach Excel\/CSV<\/li>\n<li>Punkte aus anderer Besprechung \u00fcbernehmen<\/li>\n<\/ul>\n<p>[\/et_pb_text][\/et_pb_column][et_pb_column type=&#8220;1_3&#8243; _builder_version=&#8220;4.9.4&#8243; _module_preset=&#8220;default&#8220; custom_padding=&#8220;|30px||30px|false|true&#8220; global_colors_info=&#8220;{}&#8220;][et_pb_divider show_divider=&#8220;off&#8220; _builder_version=&#8220;4.9.4&#8243; _module_preset=&#8220;default&#8220; height=&#8220;30px&#8220; global_colors_info=&#8220;{}&#8220;][\/et_pb_divider][et_pb_text _builder_version=&#8220;4.9.4&#8243; _module_preset=&#8220;default&#8220; text_line_height=&#8220;1.6em&#8220; header_2_font_size=&#8220;25px&#8220; custom_margin=&#8220;||0px||false|false&#8220; custom_padding=&#8220;||10px||false|false&#8220; global_colors_info=&#8220;{}&#8220;]<\/p>\n<h2>Teams \/ Unternehmen<\/h2>\n<p>[\/et_pb_text][et_pb_button button_url=&#8220;mailto:sales@agreedo.com&#8220; button_text=&#8220;Kontakt&#8220; button_alignment=&#8220;center&#8220; _builder_version=&#8220;4.10.7&#8243; _module_preset=&#8220;default&#8220; custom_button=&#8220;on&#8220; button_text_size=&#8220;18px&#8220; button_text_color=&#8220;#43a9f7&#8243; button_bg_color=&#8220;#e1f2ff&#8220; button_border_width=&#8220;0px&#8220; button_border_radius=&#8220;5px&#8220; button_font=&#8220;Kumbh Sans|700|||||||&#8220; button_use_icon=&#8220;off&#8220; custom_margin=&#8220;||30px||false|false&#8220; custom_padding=&#8220;|30px||30px|false|true&#8220; custom_css_main_element=&#8220;width: 100%;&#8220; global_colors_info=&#8220;{}&#8220;][\/et_pb_button][et_pb_text _builder_version=&#8220;4.10.7&#8243; _module_preset=&#8220;default&#8220; text_line_height=&#8220;1.6em&#8220; header_2_font_size=&#8220;30px&#8220; custom_margin=&#8220;||0px||false|false&#8220; custom_padding=&#8220;||10px||false|false&#8220; global_colors_info=&#8220;{}&#8220;]<\/p>\n<h3>Individuelles Angebot<\/h3>\n<p>[\/et_pb_text][et_pb_text _builder_version=&#8220;4.9.4&#8243; _module_preset=&#8220;default&#8220; ul_font_size=&#8220;15px&#8220; ul_line_height=&#8220;2.4em&#8220; global_colors_info=&#8220;{}&#8220;]<\/p>\n<ul>\n<li>Besprechungen planen und Protokolle erstellen<\/li>\n<li>ICS Integration (Outlook, Google Calendar, etc.)<\/li>\n<li>SSL Verschl\u00fcsselung<\/li>\n<li><strong>Unlimitiert<\/strong> Meetings<\/li>\n<li><strong>Unlimitiert<\/strong> Teilnehmer<\/li>\n<li><strong>Unlimitiert<\/strong> Dateianh\u00e4nge<\/li>\n<li>Erweiterte Suchfunktion<\/li>\n<li>Anpassbares Drucklayout<\/li>\n<li>Moderierte Besprechungen<\/li>\n<li>Export nach Excel\/CSV<\/li>\n<li>Punkte aus anderer Besprechung \u00fcbernehmen<\/li>\n<\/ul>\n<p>[\/et_pb_text][\/et_pb_column][\/et_pb_row][\/et_pb_section][et_pb_section fb_built=&#8220;1&#8243; _builder_version=&#8220;4.9.4&#8243; _module_preset=&#8220;default&#8220; da_disable_devices=&#8220;off|off|off&#8220; global_colors_info=&#8220;{}&#8220; da_is_popup=&#8220;off&#8220; da_exit_intent=&#8220;off&#8220; da_has_close=&#8220;on&#8220; da_alt_close=&#8220;off&#8220; da_dark_close=&#8220;off&#8220; da_not_modal=&#8220;on&#8220; da_is_singular=&#8220;off&#8220; da_with_loader=&#8220;off&#8220; da_has_shadow=&#8220;on&#8220;][et_pb_row _builder_version=&#8220;4.9.4&#8243; _module_preset=&#8220;default&#8220; width=&#8220;90%&#8220; max_width=&#8220;720px&#8220; module_alignment=&#8220;center&#8220; global_colors_info=&#8220;{}&#8220;][et_pb_column type=&#8220;4_4&#8243; _builder_version=&#8220;4.9.4&#8243; _module_preset=&#8220;default&#8220; global_colors_info=&#8220;{}&#8220;][et_pb_text _builder_version=&#8220;4.9.4&#8243; _module_preset=&#8220;default&#8220; text_line_height=&#8220;1.6em&#8220; header_2_font_size=&#8220;30px&#8220; header_3_font_size=&#8220;24px&#8220; text_orientation=&#8220;center&#8220; global_colors_info=&#8220;{}&#8220;]<\/p>\n<h3>Haben Sie Fragen?<\/h3>\n<p>[\/et_pb_text][et_pb_accordion open_toggle_background_color=&#8220;#FFFFFF&#8220; closed_toggle_text_color=&#8220;#000000&#8243; closed_toggle_background_color=&#8220;#FFFFFF&#8220; icon_color=&#8220;#43a9f7&#8243; use_icon_font_size=&#8220;on&#8220; icon_font_size=&#8220;21px&#8220; _builder_version=&#8220;4.9.4&#8243; _module_preset=&#8220;default&#8220; toggle_font_size=&#8220;18px&#8220; border_width_all=&#8220;0px&#8220; global_colors_info=&#8220;{}&#8220;][et_pb_accordion_item title=&#8220;Ben\u00f6tige ich eine Kreditkarte um mich zu registrieren?&#8220; open=&#8220;on&#8220; _builder_version=&#8220;4.9.4&#8243; _module_preset=&#8220;default&#8220; custom_padding=&#8220;5px||5px||true|false&#8220; global_colors_info=&#8220;{}&#8220;]<\/p>\n<p>Nein. F\u00fcr die Registrierung ist keine Kreditkarte erforderlich. Noch besser: Ihr AgreeDo Basic Account bleibt kostenfrei <strong>dauerhaft!<\/strong><\/p>\n<p>[\/et_pb_accordion_item][et_pb_accordion_item title=&#8220;Gibt es eine kostenlose Version?&#8220; _builder_version=&#8220;4.9.4&#8243; _module_preset=&#8220;default&#8220; custom_padding=&#8220;5px||5px||true|false&#8220; global_colors_info=&#8220;{}&#8220; open=&#8220;off&#8220;]<\/p>\n<p>Ja. Nach Ende der Premium-Testphase erhalten Sie dauerhaft kostenlosen Zugang zu AgreeDo mit einem reduzierten Funktionsumfang (siehe Basic Edition oben)<\/p>\n<p>[\/et_pb_accordion_item][et_pb_accordion_item title=&#8220;Was beinhaltet die Lizenz?&#8220; _builder_version=&#8220;4.9.4&#8243; _module_preset=&#8220;default&#8220; custom_padding=&#8220;5px||5px||true|false&#8220; global_colors_info=&#8220;{}&#8220; open=&#8220;off&#8220;]<\/p>\n<p>Die Lizenz em\u00f6glicht den uneingeschr\u00e4nkten Zugriff auf die AgreeDo Premium Edition. Alle Dienstleistungen im Rahmen von Support und Weiterentwicklung der Anwendung sind im Preis inbegriffen.<\/p>\n<p>[\/et_pb_accordion_item][et_pb_accordion_item title=&#8220;Gibt es zus\u00e4tzliche Rabatte z.B. f\u00fcr gemeinn\u00fctzige Organisationen wie Universit\u00e4ten etc.?&#8220; _builder_version=&#8220;4.9.4&#8243; _module_preset=&#8220;default&#8220; custom_padding=&#8220;5px||5px||true|false&#8220; global_colors_info=&#8220;{}&#8220; open=&#8220;off&#8220;]<\/p>\n<p>Ja. F\u00fcr gemeinn\u00fctzige Organisationen (NPOs) wie Wohlt\u00e4tigkeitsorganisationen, Universit\u00e4ten usw. bieten wir zus\u00e4tzliche Rabatte an. Bitte <a href=\"mailto:sales@agreedo.com\">kontaktieren Sie den Vertrieb<\/a> f\u00fcr weitere Informationen.<\/p>\n<p>[\/et_pb_accordion_item][et_pb_accordion_item title=&#8220;Wie erwerbe ich Lizenzen f\u00fcr mein Team?&#8220; _builder_version=&#8220;4.9.4&#8243; _module_preset=&#8220;default&#8220; custom_padding=&#8220;5px||5px||true|false&#8220; global_colors_info=&#8220;{}&#8220; open=&#8220;off&#8220;]<\/p>\n<p>Nachdem Sie mehrere Konten erworben haben, senden Sie bitte eine Liste mit den E-Mail-Adressen Ihrer Teamkollegen an <a href=\"mailto:support@agreedo.com\">support@agreedo.com<\/a>. Wir werden diese Benutzer dann auf AgreeDo Premium upgraden. Bitte stellen Sie sicher, dass alle Ihre Teamkollegen sich zuerst f\u00fcr ein kostenloses AgreeDo-Basiskonto registrieren. Andernfalls k\u00f6nnen wir sie nicht hochstufen.<\/p>\n<p>[\/et_pb_accordion_item][et_pb_accordion_item title=&#8220;Wie erfolgt die Rechnungsstellung?&#8220; _builder_version=&#8220;4.9.4&#8243; _module_preset=&#8220;default&#8220; custom_padding=&#8220;5px||5px||true|false&#8220; global_colors_info=&#8220;{}&#8220; open=&#8220;off&#8220;]<\/p>\n<p><strong>Monatliche Abrechnung:<\/strong><br \/>Nach Ablauf der 30-t\u00e4gigen Premium-Testperiode k\u00f6nnen Sie eine Premium-Lizenz kaufen Wir berechnen Ihnen eine monatliche Nutzungsgeb\u00fchr. Sie k\u00f6nnen Ihr Abonnement monatlich k\u00fcndigen.<\/p>\n<p><strong>J\u00e4hrliche Abrechnung:<\/strong><br \/>Nach Ablauf der 30-t\u00e4gigen Premium-Testperiode k\u00f6nnen Sie eine j\u00e4hrliche Premium-Lizenz kaufen. Wir geben Ihnen 10% Rabatt gegen\u00fcber der monatlichen Abrechnung.<\/p>\n<p>[\/et_pb_accordion_item][et_pb_accordion_item title=&#8220;Welche Zahlungsmittel kann ich verwenden?&#8220; _builder_version=&#8220;4.9.4&#8243; _module_preset=&#8220;default&#8220; custom_padding=&#8220;5px||5px||true|false&#8220; global_colors_info=&#8220;{}&#8220; open=&#8220;off&#8220;]<\/p>\n<p>Wir akzeptieren \u00fcber unseren Payment-Dienstleister Stripe, Visa, MasterCard sowie American Express. Zus\u00e4tzlich bieten wir die M\u00f6glichkeit der Zahlung per Rechnung \/ \u00dcberweisung an.<\/p>\n<p>[\/et_pb_accordion_item][et_pb_accordion_item title=&#8220;Gibt es zus\u00e4tzliche Rabatte z.B. f\u00fcr gemeinn\u00fctzige Organisationen wie Universit\u00e4ten etc.?&#8220; _builder_version=&#8220;4.9.4&#8243; _module_preset=&#8220;default&#8220; custom_padding=&#8220;5px||5px||true|false&#8220; global_colors_info=&#8220;{}&#8220; open=&#8220;off&#8220;]<\/p>\n<p>Ja. F\u00fcr gemeinn\u00fctzige Organisationen (NPOs) wie Wohlt\u00e4tigkeitsorganisationen, Universit\u00e4ten usw. bieten wir zus\u00e4tzliche Rabatte an. Bitte kontaktieren Sie den Vertrieb f\u00fcr weitere Informationen.<\/p>\n<p>[\/et_pb_accordion_item][et_pb_accordion_item title=&#8220;Haben Sie weitere Fragen?&#8220; _builder_version=&#8220;4.9.4&#8243; _module_preset=&#8220;default&#8220; custom_padding=&#8220;5px||5px||true|false&#8220; global_colors_info=&#8220;{}&#8220; open=&#8220;off&#8220;]<\/p>\n<p>Bitte z\u00f6gern Sie nicht, uns zu kontaktieren.<\/p>\n<p>[\/et_pb_accordion_item][\/et_pb_accordion][\/et_pb_column][\/et_pb_row][\/et_pb_section]<\/p>\n","protected":false},"excerpt":{"rendered":"<p>Preise Nach Ablauf der Testphase k\u00f6nnen Sie entscheiden, ob Sie auf die kostenpflichtige Premium Version upgraden oder weiterhin die kostenfreie Version von AgreeDo nutzen m\u00f6chten.Basic EditionKostenlos Besprechungen planen und Protokolle erstellen ICS Integration (Outlook, Google Calendar, etc.) SSL Verschl\u00fcsselung 4 Meetings pro Monat 3 Teilnehmer pro Meeting 1 Dateianh\u00e4nge pro Meeting Einfache Suchfunktion Beliebtestes AngebotPremium\u20ac [&hellip;]<\/p>\n","protected":false},"author":2,"featured_media":0,"parent":0,"menu_order":0,"comment_status":"closed","ping_status":"closed","template":"","meta":{"_et_pb_use_builder":"on","_et_pb_old_content":"","_et_gb_content_width":"","footnotes":""},"class_list":["post-6631","page","type-page","status-publish","hentry"],"_links":{"self":[{"href":"https:\/\/www.agreedo.com\/de\/wp-json\/wp\/v2\/pages\/6631","targetHints":{"allow":["GET"]}}],"collection":[{"href":"https:\/\/www.agreedo.com\/de\/wp-json\/wp\/v2\/pages"}],"about":[{"href":"https:\/\/www.agreedo.com\/de\/wp-json\/wp\/v2\/types\/page"}],"author":[{"embeddable":true,"href":"https:\/\/www.agreedo.com\/de\/wp-json\/wp\/v2\/users\/2"}],"replies":[{"embeddable":true,"href":"https:\/\/www.agreedo.com\/de\/wp-json\/wp\/v2\/comments?post=6631"}],"version-history":[{"count":13,"href":"https:\/\/www.agreedo.com\/de\/wp-json\/wp\/v2\/pages\/6631\/revisions"}],"predecessor-version":[{"id":17986,"href":"https:\/\/www.agreedo.com\/de\/wp-json\/wp\/v2\/pages\/6631\/revisions\/17986"}],"wp:attachment":[{"href":"https:\/\/www.agreedo.com\/de\/wp-json\/wp\/v2\/media?parent=6631"}],"curies":[{"name":"wp","href":"https:\/\/api.w.org\/{rel}","templated":true}]}}