{"id":6666,"date":"2021-06-21T19:45:55","date_gmt":"2021-06-21T19:45:55","guid":{"rendered":"https:\/\/test.agreedo.com\/security\/"},"modified":"2021-11-26T18:08:09","modified_gmt":"2021-11-26T17:08:09","slug":"security","status":"publish","type":"page","link":"https:\/\/www.agreedo.com\/de\/security\/","title":{"rendered":"Security"},"content":{"rendered":"<p>[et_pb_section fb_built=&#8220;1&#8243; _builder_version=&#8220;4.9.4&#8243; _module_preset=&#8220;default&#8220; background_color=&#8220;#e6f1f3&#8243; da_disable_devices=&#8220;off|off|off&#8220; global_colors_info=&#8220;{}&#8220; da_is_popup=&#8220;off&#8220; da_exit_intent=&#8220;off&#8220; da_has_close=&#8220;on&#8220; da_alt_close=&#8220;off&#8220; da_dark_close=&#8220;off&#8220; da_not_modal=&#8220;on&#8220; da_is_singular=&#8220;off&#8220; da_with_loader=&#8220;off&#8220; da_has_shadow=&#8220;on&#8220;][et_pb_row column_structure=&#8220;1_2,1_2&#8243; make_equal=&#8220;on&#8220; module_class=&#8220;custom_row&#8220; _builder_version=&#8220;4.9.4&#8243; _module_preset=&#8220;default&#8220; global_colors_info=&#8220;{}&#8220;][et_pb_column type=&#8220;1_2&#8243; module_class=&#8220;second-on-mobile&#8220; _builder_version=&#8220;4.9.4&#8243; _module_preset=&#8220;default&#8220; custom_css_main_element=&#8220;align-self: center;&#8220; global_colors_info=&#8220;{}&#8220;][et_pb_text _builder_version=&#8220;4.9.4&#8243; _module_preset=&#8220;default&#8220; text_line_height=&#8220;1.6em&#8220; header_font_size=&#8220;48px&#8220; header_line_height=&#8220;1.2em&#8220; global_colors_info=&#8220;{}&#8220;]<\/p>\n<h1 class=\"heading\">Sicherheit<\/h1>\n<h4>Sind meine Daten sicher bei AgreeDo?<\/h4>\n<p><strong>Ja<\/strong>. AgreeDo verwendet modernste Technologie um die Sicherheit Ihrer Daten zu gew\u00e4hrleisten.<\/p>\n<p>[\/et_pb_text][\/et_pb_column][et_pb_column type=&#8220;1_2&#8243; module_class=&#8220;first-on-mobile&#8220; _builder_version=&#8220;4.9.4&#8243; _module_preset=&#8220;default&#8220; global_colors_info=&#8220;{}&#8220;][et_pb_image src=&#8220;https:\/\/www.agreedo.com\/wp-content\/uploads\/2021\/06\/security-hero.svg&#8220; title_text=&#8220;security-hero&#8220; align=&#8220;center&#8220; _builder_version=&#8220;4.9.4&#8243; _module_preset=&#8220;default&#8220; max_width=&#8220;500px&#8220; global_colors_info=&#8220;{}&#8220;][\/et_pb_image][\/et_pb_column][\/et_pb_row][\/et_pb_section][et_pb_section fb_built=&#8220;1&#8243; _builder_version=&#8220;4.9.4&#8243; _module_preset=&#8220;default&#8220; da_disable_devices=&#8220;off|off|off&#8220; global_colors_info=&#8220;{}&#8220; da_is_popup=&#8220;off&#8220; da_exit_intent=&#8220;off&#8220; da_has_close=&#8220;on&#8220; da_alt_close=&#8220;off&#8220; da_dark_close=&#8220;off&#8220; da_not_modal=&#8220;on&#8220; da_is_singular=&#8220;off&#8220; da_with_loader=&#8220;off&#8220; da_has_shadow=&#8220;on&#8220;][et_pb_row _builder_version=&#8220;4.9.4&#8243; _module_preset=&#8220;default&#8220; max_width=&#8220;520px&#8220; module_alignment=&#8220;center&#8220; global_colors_info=&#8220;{}&#8220;][et_pb_column type=&#8220;4_4&#8243; _builder_version=&#8220;4.9.4&#8243; _module_preset=&#8220;default&#8220; global_colors_info=&#8220;{}&#8220;][et_pb_text _builder_version=&#8220;4.9.4&#8243; _module_preset=&#8220;default&#8220; text_line_height=&#8220;1.6em&#8220; header_2_font_size=&#8220;30px&#8220; text_orientation=&#8220;center&#8220; global_colors_info=&#8220;{}&#8220;]<\/p>\n<h4>Sicherheitsfunktionen<\/h4>\n<p>Wir haben unter anderem folgende Ma\u00dfnahmen ergriffen, um sicherzustellen, dass Ihre Daten bei uns sicher sind:<\/p>\n<p>[\/et_pb_text][\/et_pb_column][\/et_pb_row][et_pb_row column_structure=&#8220;1_3,1_3,1_3&#8243; _builder_version=&#8220;4.9.4&#8243; _module_preset=&#8220;default&#8220; global_colors_info=&#8220;{}&#8220;][et_pb_column type=&#8220;1_3&#8243; _builder_version=&#8220;4.9.4&#8243; _module_preset=&#8220;default&#8220; global_colors_info=&#8220;{}&#8220;][et_pb_blurb title=&#8220;HTTPS-Verschl\u00fcsselung&#8220; image=&#8220;https:\/\/www.agreedo.com\/wp-content\/uploads\/2021\/06\/s1.svg&#8220; image_icon_width=&#8220;50%&#8220; icon_alignment=&#8220;left&#8220; _builder_version=&#8220;4.13.0&#8243; _module_preset=&#8220;default&#8220; image_max_width=&#8220;50%&#8220; global_colors_info=&#8220;{}&#8220;]<\/p>\n<p>\u00a0AgreeDo kann nur \u00fcber eine verschl\u00fcsselte HTTPS-Verbindung verwendet werden. Jegliche Kommunikation zwischen Ihrem Computer und den Servern von AgreeDo ist verschl\u00fcsselt. Ihr Browser stellt ein Vorh\u00e4ngeschloss-Symbol dar, um die verschl\u00fcsselte Verbindung anzuzeigen.<\/p>\n<p>[\/et_pb_blurb][\/et_pb_column][et_pb_column type=&#8220;1_3&#8243; _builder_version=&#8220;4.9.4&#8243; _module_preset=&#8220;default&#8220; global_colors_info=&#8220;{}&#8220;][et_pb_blurb title=&#8220;Rechenzentrum in Deutschland&#8220; image=&#8220;https:\/\/www.agreedo.com\/wp-content\/uploads\/2021\/06\/s2.svg&#8220; image_icon_width=&#8220;50%&#8220; icon_alignment=&#8220;left&#8220; _builder_version=&#8220;4.13.0&#8243; _module_preset=&#8220;default&#8220; image_max_width=&#8220;50%&#8220; global_colors_info=&#8220;{}&#8220;]<\/p>\n<p>AgreeDo wird in einemRechenzentrum in Deutschland betrieben. Das hei\u00dft, dass die strengen deutschen Datenschutzregelungen f\u00fcr uns bindend sind.<\/p>\n<p>[\/et_pb_blurb][\/et_pb_column][et_pb_column type=&#8220;1_3&#8243; _builder_version=&#8220;4.9.4&#8243; _module_preset=&#8220;default&#8220; global_colors_info=&#8220;{}&#8220;][et_pb_blurb title=&#8220;Passwortgesch\u00fctzte Besprechungen&#8220; image=&#8220;https:\/\/www.agreedo.com\/wp-content\/uploads\/2021\/06\/s3.svg&#8220; image_icon_width=&#8220;50%&#8220; icon_alignment=&#8220;left&#8220; _builder_version=&#8220;4.13.0&#8243; _module_preset=&#8220;default&#8220; image_max_width=&#8220;50%&#8220; global_colors_info=&#8220;{}&#8220;]<\/p>\n<p>\u00a0f\u00fcr \u00f6ffentliche Besprechungen mit AgreeDo k\u00f6nnen Sie optional eine Zugangs-Passwort festlegen.<\/p>\n<p>[\/et_pb_blurb][\/et_pb_column][\/et_pb_row][et_pb_row column_structure=&#8220;1_3,1_3,1_3&#8243; _builder_version=&#8220;4.9.4&#8243; _module_preset=&#8220;default&#8220; global_colors_info=&#8220;{}&#8220;][et_pb_column type=&#8220;1_3&#8243; _builder_version=&#8220;4.9.4&#8243; _module_preset=&#8220;default&#8220; global_colors_info=&#8220;{}&#8220;][et_pb_blurb title=&#8220;Moderierte Besprechungen&#8220; image=&#8220;https:\/\/www.agreedo.com\/wp-content\/uploads\/2021\/06\/s4.svg&#8220; image_icon_width=&#8220;50%&#8220; icon_alignment=&#8220;left&#8220; _builder_version=&#8220;4.13.0&#8243; _module_preset=&#8220;default&#8220; image_max_width=&#8220;50%&#8220; global_colors_info=&#8220;{}&#8220;]<\/p>\n<p>\u00a0moderierte Besprechungen k\u00f6nnen nur vom Ersteller ver\u00e4ndert werden. Alle Teilnehmer k\u00f6nnen nur die Inhalte einsehen und Kommentare abgeben.<\/p>\n<p>[\/et_pb_blurb][\/et_pb_column][et_pb_column type=&#8220;1_3&#8243; _builder_version=&#8220;4.9.4&#8243; _module_preset=&#8220;default&#8220; global_colors_info=&#8220;{}&#8220;][et_pb_blurb title=&#8220;Besprechungen schlie\u00dfen&#8220; image=&#8220;https:\/\/www.agreedo.com\/wp-content\/uploads\/2021\/06\/s5.svg&#8220; image_icon_width=&#8220;50%&#8220; icon_alignment=&#8220;left&#8220; _builder_version=&#8220;4.13.0&#8243; _module_preset=&#8220;default&#8220; image_max_width=&#8220;50%&#8220; global_colors_info=&#8220;{}&#8220;]<\/p>\n<p>m\u00f6chten Sie die Inhalte einer Besprechung gegen weitere Ver\u00e4nderungen sch\u00fctzen, w\u00e4hlen Sie die Funktion\u00a0<em>Besprechung schlie\u00dfen<\/em>.<\/p>\n<p>[\/et_pb_blurb][\/et_pb_column][et_pb_column type=&#8220;1_3&#8243; _builder_version=&#8220;4.9.4&#8243; _module_preset=&#8220;default&#8220; global_colors_info=&#8220;{}&#8220;][\/et_pb_column][\/et_pb_row][et_pb_row _builder_version=&#8220;4.9.4&#8243; _module_preset=&#8220;default&#8220; max_width=&#8220;630px&#8220; module_alignment=&#8220;center&#8220; global_colors_info=&#8220;{}&#8220;][et_pb_column type=&#8220;4_4&#8243; _builder_version=&#8220;4.9.4&#8243; _module_preset=&#8220;default&#8220; global_colors_info=&#8220;{}&#8220;][et_pb_button button_url=&#8220;@ET-DC@eyJkeW5hbWljIjp0cnVlLCJjb250ZW50IjoicG9zdF9saW5rX3VybF9wYWdlIiwic2V0dGluZ3MiOnsicG9zdF9pZCI6IjkyMDAifX0=@&#8220; button_text=&#8220;JETZT REGISTRIEREN!&#8220; button_alignment=&#8220;center&#8220; _builder_version=&#8220;4.14.1&#8243; _dynamic_attributes=&#8220;button_url&#8220; _module_preset=&#8220;default&#8220; custom_button=&#8220;on&#8220; button_text_size=&#8220;18px&#8220; button_text_color=&#8220;#FFFFFF&#8220; button_bg_color=&#8220;#43a9f7&#8243; button_border_width=&#8220;0px&#8220; button_border_radius=&#8220;5px&#8220; button_font=&#8220;Kumbh Sans|700|||||||&#8220; button_use_icon=&#8220;off&#8220; custom_margin=&#8220;|10px|14px|10px|false|true&#8220; custom_padding=&#8220;|30px||30px|false|true&#8220; hover_enabled=&#8220;0&#8243; global_colors_info=&#8220;{}&#8220; sticky_enabled=&#8220;0&#8243;][\/et_pb_button][et_pb_text _builder_version=&#8220;4.9.4&#8243; _module_preset=&#8220;default&#8220; text_font=&#8220;|600|||||||&#8220; text_font_size=&#8220;14px&#8220; text_orientation=&#8220;center&#8220; global_colors_info=&#8220;{}&#8220;]<\/p>\n<p>Keine Kreditkarte ben\u00f6tigt!<\/p>\n<p>[\/et_pb_text][\/et_pb_column][\/et_pb_row][\/et_pb_section]<\/p>\n","protected":false},"excerpt":{"rendered":"<p>Sicherheit Sind meine Daten sicher bei AgreeDo? Ja. AgreeDo verwendet modernste Technologie um die Sicherheit Ihrer Daten zu gew\u00e4hrleisten.Sicherheitsfunktionen Wir haben unter anderem folgende Ma\u00dfnahmen ergriffen, um sicherzustellen, dass Ihre Daten bei uns sicher sind:\u00a0AgreeDo kann nur \u00fcber eine verschl\u00fcsselte HTTPS-Verbindung verwendet werden. Jegliche Kommunikation zwischen Ihrem Computer und den Servern von AgreeDo ist verschl\u00fcsselt. [&hellip;]<\/p>\n","protected":false},"author":2,"featured_media":0,"parent":0,"menu_order":0,"comment_status":"closed","ping_status":"closed","template":"","meta":{"_et_pb_use_builder":"on","_et_pb_old_content":"","_et_gb_content_width":"","footnotes":""},"class_list":["post-6666","page","type-page","status-publish","hentry"],"_links":{"self":[{"href":"https:\/\/www.agreedo.com\/de\/wp-json\/wp\/v2\/pages\/6666","targetHints":{"allow":["GET"]}}],"collection":[{"href":"https:\/\/www.agreedo.com\/de\/wp-json\/wp\/v2\/pages"}],"about":[{"href":"https:\/\/www.agreedo.com\/de\/wp-json\/wp\/v2\/types\/page"}],"author":[{"embeddable":true,"href":"https:\/\/www.agreedo.com\/de\/wp-json\/wp\/v2\/users\/2"}],"replies":[{"embeddable":true,"href":"https:\/\/www.agreedo.com\/de\/wp-json\/wp\/v2\/comments?post=6666"}],"version-history":[{"count":1,"href":"https:\/\/www.agreedo.com\/de\/wp-json\/wp\/v2\/pages\/6666\/revisions"}],"predecessor-version":[{"id":17590,"href":"https:\/\/www.agreedo.com\/de\/wp-json\/wp\/v2\/pages\/6666\/revisions\/17590"}],"wp:attachment":[{"href":"https:\/\/www.agreedo.com\/de\/wp-json\/wp\/v2\/media?parent=6666"}],"curies":[{"name":"wp","href":"https:\/\/api.w.org\/{rel}","templated":true}]}}