{"id":7235,"date":"2021-06-28T16:15:51","date_gmt":"2021-06-28T16:15:51","guid":{"rendered":"https:\/\/test.agreedo.com\/kontakt\/"},"modified":"2022-12-06T22:44:03","modified_gmt":"2022-12-06T21:44:03","slug":"contact","status":"publish","type":"page","link":"https:\/\/www.agreedo.com\/de\/contact\/","title":{"rendered":"Kontakt"},"content":{"rendered":"<p>[et_pb_section fb_built=&#8220;1&#8243; _builder_version=&#8220;4.16&#8243; _module_preset=&#8220;default&#8220; background_color=&#8220;#e6f1f3&#8243; da_disable_devices=&#8220;off|off|off&#8220; global_colors_info=&#8220;{}&#8220; da_is_popup=&#8220;off&#8220; da_exit_intent=&#8220;off&#8220; da_has_close=&#8220;on&#8220; da_alt_close=&#8220;off&#8220; da_dark_close=&#8220;off&#8220; da_not_modal=&#8220;on&#8220; da_is_singular=&#8220;off&#8220; da_with_loader=&#8220;off&#8220; da_has_shadow=&#8220;on&#8220;][et_pb_row column_structure=&#8220;1_4,1_4,1_4,1_4&#8243; use_custom_gutter=&#8220;on&#8220; gutter_width=&#8220;2&#8243; make_equal=&#8220;on&#8220; module_class=&#8220;custom_row&#8220; _builder_version=&#8220;4.16&#8243; _module_preset=&#8220;default&#8220; width=&#8220;90%&#8220; global_colors_info=&#8220;{}&#8220;][et_pb_column type=&#8220;1_4&#8243; _builder_version=&#8220;4.16&#8243; _module_preset=&#8220;default&#8220; custom_css_main_element=&#8220;align-self: center;&#8220; global_colors_info=&#8220;{}&#8220;][et_pb_text _builder_version=&#8220;4.19.2&#8243; _module_preset=&#8220;default&#8220; text_line_height=&#8220;1.6em&#8220; header_font_size=&#8220;48px&#8220; header_line_height=&#8220;1.2em&#8220; hover_enabled=&#8220;0&#8243; global_colors_info=&#8220;{}&#8220; sticky_enabled=&#8220;0&#8243;]<\/p>\n<h1>Kontakt<\/h1>\n<p>AgreeDo wird betrieben von<br \/><span><strong>Siehec GmbH<\/strong><\/span><\/p>\n<p>[\/et_pb_text][et_pb_social_media_follow icon_color=&#8220;#43a9f7&#8243; use_icon_font_size=&#8220;on&#8220; icon_font_size=&#8220;24px&#8220; _builder_version=&#8220;4.16&#8243; _module_preset=&#8220;default&#8220; global_colors_info=&#8220;{}&#8220;][et_pb_social_media_follow_network social_network=&#8220;facebook&#8220; url=&#8220;http:\/\/www.facebook.com\/agreedo&#8220; _builder_version=&#8220;4.16&#8243; _module_preset=&#8220;default&#8220; background_enable_color=&#8220;off&#8220; global_colors_info=&#8220;{}&#8220; follow_button=&#8220;off&#8220; url_new_window=&#8220;on&#8220;]facebook[\/et_pb_social_media_follow_network][et_pb_social_media_follow_network social_network=&#8220;twitter&#8220; url=&#8220;http:\/\/twitter.com\/agreedo&#8220; _builder_version=&#8220;4.16&#8243; _module_preset=&#8220;default&#8220; background_enable_color=&#8220;off&#8220; global_colors_info=&#8220;{}&#8220; follow_button=&#8220;off&#8220; url_new_window=&#8220;on&#8220;]twitter[\/et_pb_social_media_follow_network][et_pb_social_media_follow_network social_network=&#8220;rss&#8220; url=&#8220;https:\/\/www.agreedo.com\/blog&#8220; _builder_version=&#8220;4.16&#8243; _module_preset=&#8220;default&#8220; background_color=&#8220;#ff8a3c&#8220; background_enable_color=&#8220;off&#8220; global_colors_info=&#8220;{}&#8220; follow_button=&#8220;off&#8220; url_new_window=&#8220;on&#8220;]rss[\/et_pb_social_media_follow_network][\/et_pb_social_media_follow][\/et_pb_column][et_pb_column type=&#8220;1_4&#8243; _builder_version=&#8220;4.16&#8243; _module_preset=&#8220;default&#8220; background_color=&#8220;#FFFFFF&#8220; custom_padding=&#8220;40px|25px|40px|25px|true|true&#8220; border_radii=&#8220;on|10px|10px|10px|10px&#8220; global_colors_info=&#8220;{}&#8220;][et_pb_blurb image=&#8220;https:\/\/www.agreedo.com\/wp-content\/uploads\/2021\/06\/c1.svg&#8220; image_icon_width=&#8220;44px&#8220; icon_alignment=&#8220;left&#8220; _builder_version=&#8220;4.16&#8243; _module_preset=&#8220;default&#8220; body_font_size=&#8220;15px&#8220; image_max_width=&#8220;44px&#8220; global_colors_info=&#8220;{}&#8220;]<\/p>\n<p>Siehec GmbH<br \/>Ballaufstr. 34<br \/>D-81735 M\u00fcnchen<br \/>Deutschland<\/p>\n<p>[\/et_pb_blurb][\/et_pb_column][et_pb_column type=&#8220;1_4&#8243; _builder_version=&#8220;4.16&#8243; _module_preset=&#8220;default&#8220; background_color=&#8220;#FFFFFF&#8220; custom_padding=&#8220;40px|25px|40px|25px|true|true&#8220; border_radii=&#8220;on|10px|10px|10px|10px&#8220; global_colors_info=&#8220;{}&#8220;][et_pb_blurb image=&#8220;https:\/\/www.agreedo.com\/wp-content\/uploads\/2021\/06\/c2.svg&#8220; image_icon_width=&#8220;44px&#8220; icon_alignment=&#8220;left&#8220; _builder_version=&#8220;4.16&#8243; _module_preset=&#8220;default&#8220; body_font_size=&#8220;15px&#8220; image_max_width=&#8220;44px&#8220; global_colors_info=&#8220;{}&#8220;]<\/p>\n<p>Telefon:<br \/>+49 -89 -38 15 74 14<\/p>\n<p>[\/et_pb_blurb][\/et_pb_column][et_pb_column type=&#8220;1_4&#8243; module_class=&#8220;first-on-mobile&#8220; _builder_version=&#8220;4.16&#8243; _module_preset=&#8220;default&#8220; background_color=&#8220;#FFFFFF&#8220; custom_padding=&#8220;40px|25px|40px|25px|true|true&#8220; border_radii=&#8220;on|10px|10px|10px|10px&#8220; global_colors_info=&#8220;{}&#8220;][et_pb_blurb image=&#8220;https:\/\/www.agreedo.com\/wp-content\/uploads\/2021\/06\/c3.svg&#8220; image_icon_width=&#8220;44px&#8220; icon_alignment=&#8220;left&#8220; _builder_version=&#8220;4.16&#8243; _module_preset=&#8220;default&#8220; body_font_size=&#8220;15px&#8220; image_max_width=&#8220;44px&#8220; global_colors_info=&#8220;{}&#8220;]<\/p>\n<p>E-Mail:<br \/>support@agreedo.com<\/p>\n<p>[\/et_pb_blurb][\/et_pb_column][\/et_pb_row][et_pb_row make_equal=&#8220;on&#8220; module_class=&#8220;custom_row&#8220; _builder_version=&#8220;4.16&#8243; _module_preset=&#8220;default&#8220; width=&#8220;90%&#8220; global_colors_info=&#8220;{}&#8220;][et_pb_column type=&#8220;4_4&#8243; _builder_version=&#8220;4.16&#8243; _module_preset=&#8220;default&#8220; custom_css_main_element=&#8220;align-self: center;&#8220; global_colors_info=&#8220;{}&#8220;][et_pb_image src=&#8220;https:\/\/www.agreedo.com\/wp-content\/uploads\/2021\/06\/contact-hero.svg&#8220; title_text=&#8220;contact-hero&#8220; _builder_version=&#8220;4.16&#8243; _module_preset=&#8220;default&#8220; global_colors_info=&#8220;{}&#8220;][\/et_pb_image][et_pb_text _builder_version=&#8220;4.16&#8243; _module_preset=&#8220;default&#8220; text_font_size=&#8220;13px&#8220; text_line_height=&#8220;1.6em&#8220; header_font_size=&#8220;48px&#8220; header_line_height=&#8220;1.2em&#8220; global_colors_info=&#8220;{}&#8220;]<\/p>\n<p class=%22media-heading%22>Rechtliche Hinweise:<br \/>Rechtsform: Gesellschaft mit beschr\u00e4nkter Haftung<br \/>Gesch\u00e4ftsf\u00fchrer: Hannes Heckner<br \/>Registergericht: Amtsgericht M\u00fcnchen HRB 180658<br \/>USt. ID: DE266910625<\/p>\n<p>Bitte beachten Sie unsere Nutzungsbedingungen und unsere Datenschutzhinweise.<\/p>\n<p>[\/et_pb_text][\/et_pb_column][\/et_pb_row][\/et_pb_section]<\/p>\n","protected":false},"excerpt":{"rendered":"<p>Kontakt AgreeDo wird betrieben vonSiehec GmbHSiehec GmbHBallaufstr. 34D-81735 M\u00fcnchenDeutschlandTelefon:+49 -89 -38 15 74 14E-Mail:support@agreedo.comRechtliche Hinweise:Rechtsform: Gesellschaft mit beschr\u00e4nkter HaftungGesch\u00e4ftsf\u00fchrer: Hannes HecknerRegistergericht: Amtsgericht M\u00fcnchen HRB 180658USt. ID: DE266910625 Bitte beachten Sie unsere Nutzungsbedingungen und unsere Datenschutzhinweise.<\/p>\n","protected":false},"author":2,"featured_media":0,"parent":0,"menu_order":0,"comment_status":"closed","ping_status":"closed","template":"","meta":{"_et_pb_use_builder":"on","_et_pb_old_content":"","_et_gb_content_width":"","footnotes":""},"class_list":["post-7235","page","type-page","status-publish","hentry"],"_links":{"self":[{"href":"https:\/\/www.agreedo.com\/de\/wp-json\/wp\/v2\/pages\/7235","targetHints":{"allow":["GET"]}}],"collection":[{"href":"https:\/\/www.agreedo.com\/de\/wp-json\/wp\/v2\/pages"}],"about":[{"href":"https:\/\/www.agreedo.com\/de\/wp-json\/wp\/v2\/types\/page"}],"author":[{"embeddable":true,"href":"https:\/\/www.agreedo.com\/de\/wp-json\/wp\/v2\/users\/2"}],"replies":[{"embeddable":true,"href":"https:\/\/www.agreedo.com\/de\/wp-json\/wp\/v2\/comments?post=7235"}],"version-history":[{"count":5,"href":"https:\/\/www.agreedo.com\/de\/wp-json\/wp\/v2\/pages\/7235\/revisions"}],"predecessor-version":[{"id":19142,"href":"https:\/\/www.agreedo.com\/de\/wp-json\/wp\/v2\/pages\/7235\/revisions\/19142"}],"wp:attachment":[{"href":"https:\/\/www.agreedo.com\/de\/wp-json\/wp\/v2\/media?parent=7235"}],"curies":[{"name":"wp","href":"https:\/\/api.w.org\/{rel}","templated":true}]}}