{"id":11113,"date":"2021-09-18T13:49:38","date_gmt":"2021-09-18T13:49:38","guid":{"rendered":"https:\/\/test.agreedo.com\/?page_id=11113"},"modified":"2026-02-21T15:51:31","modified_gmt":"2026-02-21T14:51:31","slug":"register","status":"publish","type":"page","link":"https:\/\/www.agreedo.com\/es\/register\/","title":{"rendered":"Reg\u00edstrese"},"content":{"rendered":"<p>[et_pb_section fb_built=\u00bb1&#8243; _builder_version=\u00bb4.16&#8243; _module_preset=\u00bbdefault\u00bb background_color=\u00bb#e6f1f3&#8243; da_disable_devices=\u00bboff|off|off\u00bb global_colors_info=\u00bb{}\u00bb da_is_popup=\u00bboff\u00bb da_exit_intent=\u00bboff\u00bb da_has_close=\u00bbon\u00bb da_alt_close=\u00bboff\u00bb da_dark_close=\u00bboff\u00bb da_not_modal=\u00bbon\u00bb da_is_singular=\u00bboff\u00bb da_with_loader=\u00bboff\u00bb da_has_shadow=\u00bbon\u00bb][et_pb_row column_structure=\u00bb1_2,1_2&#8243; make_equal=\u00bbon\u00bb module_class=\u00bbcustom_row\u00bb _builder_version=\u00bb4.16&#8243; _module_preset=\u00bbdefault\u00bb width=\u00bb90%\u00bb global_colors_info=\u00bb{}\u00bb][et_pb_column type=\u00bb1_2&#8243; _builder_version=\u00bb4.16&#8243; _module_preset=\u00bbdefault\u00bb custom_css_main_element=\u00bbalign-self: center;\u00bb global_colors_info=\u00bb{}\u00bb][et_pb_text _builder_version=\u00bb4.16&#8243; _module_preset=\u00bbdefault\u00bb text_line_height=\u00bb1.6em\u00bb header_font_size=\u00bb48px\u00bb header_line_height=\u00bb1.2em\u00bb global_colors_info=\u00bb{}\u00bb]<\/p>\n<h1>Cr\u00e9ese su cuenta<br \/>para AgreeDo<\/h1>\n<p>Opcionalmente, puede instalar el <a href=\"https:\/\/www.agreedo.com\/es\/outlook\/\">Plugin de AgreeDo para Outlook<\/a> y as\u00ed, acceder a AgreeDo directamente desde Outlook.<\/p>\n<p>[\/et_pb_text][et_pb_image src=\u00bbhttps:\/\/www.agreedo.com\/wp-content\/uploads\/2021\/06\/register-hero.svg\u00bb title_text=\u00bbregister-hero\u00bb _builder_version=\u00bb4.16&#8243; _module_preset=\u00bbdefault\u00bb global_colors_info=\u00bb{}\u00bb][\/et_pb_image][\/et_pb_column][et_pb_column type=\u00bb1_2&#8243; _builder_version=\u00bb4.16&#8243; _module_preset=\u00bbdefault\u00bb background_color=\u00bb#FFFFFF\u00bb custom_padding=\u00bb40px|30px|40px|30px|true|true\u00bb border_radii=\u00bbon|10px|10px|10px|10px\u00bb box_shadow_style=\u00bbpreset3&#8243; box_shadow_color=\u00bbrgba(0,0,0,0.14)\u00bb global_colors_info=\u00bb{}\u00bb][et_pb_blurb title=\u00bbReg\u00edstrese con Google\u00bb url=\u00bb\/openId?google\u00bb image=\u00bbhttps:\/\/www.agreedo.com\/wp-content\/uploads\/2021\/06\/google-symbol.svg\u00bb icon_placement=\u00bbleft\u00bb image_icon_width=\u00bb30px\u00bb content_max_width=\u00bb240px\u00bb disabled_on=\u00bboff|off|off\u00bb admin_label=\u00bbBlurb: Google Button for OpenID Registration\u00bb module_id=\u00bbopenIdForm\u00bb _builder_version=\u00bb4.16&#8243; _module_preset=\u00bbdefault\u00bb text_orientation=\u00bbcenter\u00bb module_alignment=\u00bbcenter\u00bb custom_padding=\u00bb10px||10px||true|false\u00bb custom_css_blurb_image=\u00bbmargin-bottom: 0px;\u00bb border_radii=\u00bbon|5px|5px|5px|5px\u00bb border_width_all=\u00bb1px\u00bb border_color_all=\u00bb#b9b9b9&#8243; box_shadow_style=\u00bbpreset3&#8243; box_shadow_color=\u00bbrgba(0,0,0,0.1)\u00bb image_max_width=\u00bb30px\u00bb global_colors_info=\u00bb{}\u00bb][\/et_pb_blurb][et_pb_text disabled_on=\u00bboff|off|off\u00bb admin_label=\u00bbText: OR\u00bb module_id=\u00bbopenIdForm_Or\u00bb _builder_version=\u00bb4.16&#8243; _module_preset=\u00bbdefault\u00bb text_text_color=\u00bbrgba(0,0,0,0.5)\u00bb text_font_size=\u00bb14px\u00bb text_orientation=\u00bbcenter\u00bb global_colors_info=\u00bb{}\u00bb]<\/p>\n<p>\u00d3<\/p>\n<p>[\/et_pb_text][et_pb_code admin_label=\u00bbC\u00f3digo: Verifique y complete la siguiente informaci\u00f3n:\u00bb _builder_version=\u00bb4.16&#8243; _module_preset=\u00bbdefault\u00bb global_colors_info=\u00bb{}\u00bb]<\/p>\n<div class=\"row\"><!-- [et_pb_line_break_holder] -->\t<\/p>\n<div class=\"col-sm-12 text-center\"><!-- [et_pb_line_break_holder] -->\t\t<\/p>\n<h1 class=\"hidden\" id=\"openIdContinue\"><strong>\u00daltimo paso:<\/strong> por favor complete y revise la siguiente informaci\u00f3n:<\/h1>\n<p><!-- [et_pb_line_break_holder] -->\t<\/div>\n<p><!-- [et_pb_line_break_holder] --><\/div>\n<p><!-- [et_pb_line_break_holder] -->[\/et_pb_code][et_pb_code admin_label=\u00bbFormulario de Registro\u00bb _builder_version=\u00bb4.27.5&#8243; _module_preset=\u00bbdefault\u00bb custom_padding=\u00bb||0px|||\u00bb hover_enabled=\u00bb0&#8243; global_colors_info=\u00bb{}\u00bb sticky_enabled=\u00bb0&#8243;]<\/p>\n<form role=\"form\" action=\"\/register\" method=\"post\" onsubmit=\"return validateRegister();\" name=\"register\" id=\"register\" accept-charset=\"UTF-8\" class=\"form-horizontal\"><!-- [et_pb_line_break_holder] -->\t<\/p>\n<div class=\"row\"><!-- [et_pb_line_break_holder] -->\t\t<\/p>\n<h1 id=\"register_nonopenid\" class=\"text-center col-sm-12\">Reg\u00edstrese con correo electr\u00f3nico.<\/h1>\n<p><!-- [et_pb_line_break_holder] -->\t\t<\/p>\n<div class=\"\"><!-- [et_pb_line_break_holder] -->\t\t\t<\/p>\n<div class=\"form-group\" id=\"nameGroup\"><!-- [et_pb_line_break_holder] -->\t\t\t\t<\/p>\n<div class=\"col-sm-6\"><!-- [et_pb_line_break_holder] -->\t\t\t\t\t<input class=\"form-control\" type=\"text\" id=\"register_firstname\" name=\"firstname\" placeholder=\"Nombre\" maxlength=\"20\"><!-- [et_pb_line_break_holder] -->\t\t\t\t<\/div>\n<p><!-- [et_pb_line_break_holder] -->\t\t\t\t<\/p>\n<div class=\"col-sm-6\"><!-- [et_pb_line_break_holder] -->\t\t\t\t\t<input class=\"form-control\" type=\"text\" id=\"register_name\" name=\"lastname\" placeholder=\"Apellido\" maxlength=\"20\"><!-- [et_pb_line_break_holder] -->\t\t\t\t<\/div>\n<p><!-- [et_pb_line_break_holder] -->\t\t\t<\/div>\n<p><!-- [et_pb_line_break_holder] -->\t\t\t<\/p>\n<div class=\"form-group\" id=\"emailGroup\"><!-- [et_pb_line_break_holder] -->\t\t\t\t<\/p>\n<div class=\"col-sm-12\"><!-- [et_pb_line_break_holder] -->\t\t\t\t\t<\/p>\n<div class=\"input-group\"><!-- [et_pb_line_break_holder] -->\t\t\t\t\t\t<span class=\"input-group-addon\"><!-- [et_pb_line_break_holder] -->\t\t\t\t\t\t\t<i class=\"icon-append fa fa-fw fa-envelope\"><\/i><!-- [et_pb_line_break_holder] -->\t\t\t\t\t\t<\/span><!-- [et_pb_line_break_holder] -->\t\t\t\t\t\t<input class=\"form-control\" type=\"email\" name=\"email\" id=\"register_email\" placeholder=\"Direcci\u00f3n de correo electr\u00f3nico\" maxlength=\"255\"><!-- [et_pb_line_break_holder] -->\t\t\t\t\t\t<!-- <b class=\"tooltip tooltip-bottom-right\">Needed to verify your account<\/b>--><!-- [et_pb_line_break_holder] -->\t\t\t\t\t<\/div>\n<p>\t<!-- [et_pb_line_break_holder] -->\t\t\t\t<\/div>\n<p><!-- [et_pb_line_break_holder] -->\t\t\t<\/div>\n<p><!-- [et_pb_line_break_holder] -->\t\t\t<\/p>\n<div class=\"form-group\" id=\"hide_register_password\"><!-- [et_pb_line_break_holder] -->\t\t\t\t<\/p>\n<div class=\"col-sm-12\"><!-- [et_pb_line_break_holder] -->\t\t\t\t\t<\/p>\n<div class=\"input-group\"><!-- [et_pb_line_break_holder] -->\t\t\t\t\t\t<span class=\"input-group-addon\"><!-- [et_pb_line_break_holder] -->\t\t\t\t\t\t\t<i class=\"icon-append fa fa-fw fa-lock\"><\/i><!-- [et_pb_line_break_holder] -->\t\t\t\t\t\t<\/span><!-- [et_pb_line_break_holder] -->\t\t\t\t\t\t<input class=\"form-control\" type=\"password\" name=\"password\" placeholder=\"Contrase\u00f1a\" id=\"register_password\" maxlength=\"255\"><!-- [et_pb_line_break_holder] -->\t\t\t\t\t\t<!-- <b class=\"tooltip tooltip-bottom-right\">Don't forget your password<\/b>--><!-- [et_pb_line_break_holder] -->\t\t\t\t\t<\/div>\n<p><!-- [et_pb_line_break_holder] -->\t\t\t\t<\/div>\n<p><!-- [et_pb_line_break_holder] -->\t\t\t<\/div>\n<p><!-- [et_pb_line_break_holder] -->\t\t\t<\/p>\n<div class=\"form-group\" id=\"hide_register_password2\"><!-- [et_pb_line_break_holder] -->\t\t\t\t<\/p>\n<div class=\"col-sm-12\"><!-- [et_pb_line_break_holder] -->\t\t\t\t\t<\/p>\n<div class=\"input-group\"><!-- [et_pb_line_break_holder] --><!-- [et_pb_line_break_holder] -->\t\t\t\t\t\t<span class=\"input-group-addon\"><!-- [et_pb_line_break_holder] -->\t\t\t\t\t\t\t<i class=\"icon-append fa-fw fa fa-lock\"><\/i><!-- [et_pb_line_break_holder] -->\t\t\t\t\t\t<\/span> <!-- [et_pb_line_break_holder] -->\t\t\t\t\t\t<input class=\"form-control\" type=\"password\" name=\"password2\" placeholder=\"Repetir Contrase\u00f1a\" id=\"register_password2\" maxlength=\"255\"><!-- [et_pb_line_break_holder] -->\t\t\t\t\t\t<!-- <b class=\"tooltip tooltip-bottom-right\">Don't forget your password<\/b>-->\t\t<!-- [et_pb_line_break_holder] -->\t\t\t\t\t<\/div>\n<p><!-- [et_pb_line_break_holder] -->\t\t\t\t<\/div>\n<p><!-- [et_pb_line_break_holder] -->\t\t\t<\/div>\n<p><!-- [et_pb_line_break_holder] -->\t\t\t<\/p>\n<div class=\"form-group\"><!-- [et_pb_line_break_holder] -->\t\t\t\t<\/p>\n<div class=\"col-sm-12\">\t\t\t\t\t<!-- [et_pb_line_break_holder] -->\t\t\t\t\t<input class=\"form-control\" type=\"text\" name=\"referrer\" id=\"register_ref\" placeholder=\"\u00bfD\u00f3nde has o\u00eddo hablar de AgreeDo?\" maxlength=\"255\"><!-- [et_pb_line_break_holder] -->\t\t\t\t<\/div>\n<p>\t\t\t\t\t\t<!-- [et_pb_line_break_holder] -->\t\t\t<\/div>\n<p><!-- [et_pb_line_break_holder] -->\t\t\t<\/p>\n<div class=\"form-group\"><!-- [et_pb_line_break_holder] -->\t\t\t\t<\/p>\n<div class=\"col-sm-12\"><!-- [et_pb_line_break_holder] -->\t\t\t\t\t<\/p>\n<div class=\"checkbox\"><!-- [et_pb_line_break_holder] -->\t\t\t\t\t\t<label><input type=\"checkbox\" name=\"newsletter\" id=\"register_newsletter\">Suscr\u00edbase al bolet\u00edn de AgreeDo <\/label><!-- [et_pb_line_break_holder] -->\t\t\t\t\t<\/div>\n<p><!-- [et_pb_line_break_holder] -->\t\t\t\t<\/div>\n<p><!-- [et_pb_line_break_holder] -->\t\t\t<\/div>\n<p><!-- [et_pb_line_break_holder] -->\t\t\t<\/p>\n<div class=\"form-group\" id=\"termsGroup\"><!-- [et_pb_line_break_holder] -->\t\t\t\t<\/p>\n<div class=\"col-sm-12\">\t\t<!-- [et_pb_line_break_holder] -->\t\t\t\t\t<\/p>\n<div class=\"checkbox\"><!-- [et_pb_line_break_holder] -->\t\t\t\t\t\t<label><input type=\"checkbox\" name=\"acceptterms\" id=\"register_terms\">He le\u00eddo y acepto los <a href=\"terms.html\" target=\"_blank\" rel=\"noopener\">T\u00e9rminos y condiciones<\/a> y la <a href=\"privacy.html\" target=\"_blank\" rel=\"noopener\">Pol\u00edtica de privacidad<\/a> de AgreeDo.com<\/label><!-- [et_pb_line_break_holder] -->\t\t\t\t\t<\/div>\n<p><!-- [et_pb_line_break_holder] -->\t\t\t\t<\/div>\n<p><!-- [et_pb_line_break_holder] -->\t\t\t<\/div>\n<p><!-- [et_pb_line_break_holder] -->\t\t\t<\/p>\n<div class=\"form-group\"><!-- [et_pb_line_break_holder] -->\t\t\t\t<\/p>\n<div class=\"col-sm-12\">\t\t\t\t<!-- [et_pb_line_break_holder] -->\t\t\t\t\t<button type=\"submit\" id=\"submit_button\" value=\"Enviar\" class=\"btn btn-theme-bg center-block btn-lg\">Continuar<\/button><!-- [et_pb_line_break_holder] -->\t\t\t\t<\/div>\n<p><!-- [et_pb_line_break_holder] -->\t\t\t<\/div>\n<p><!-- [et_pb_line_break_holder] -->\t\t\t<input type=\"hidden\" name=\"timezone\" value=\"unrecognized\"> <!-- [et_pb_line_break_holder] -->\t\t\t<input type=\"hidden\" name=\"redirect\" value=\"\" id=\"redirect\"> <!-- [et_pb_line_break_holder] -->\t\t\t<input type=\"hidden\" name=\"locale\" id=\"locale\" value=\"es\"> <!-- [et_pb_line_break_holder] -->\t\t\t<input type=\"hidden\" name=\"openId\" value=\"false\"><!-- [et_pb_line_break_holder] -->\t\t\t<!-- [et_pb_line_break_holder] -->\t\t\t<!--login form wrap end--><!-- [et_pb_line_break_holder] -->\t\t<\/div>\n<p><!-- [et_pb_line_break_holder] -->\t<\/div>\n<p><!-- [et_pb_line_break_holder] --><\/form>\n<p>[\/et_pb_code][et_pb_code admin_label=\u00bbSet hidden local with WPML language\u00bb _builder_version=\u00bb4.16&#8243; _module_preset=\u00bbdefault\u00bb global_colors_info=\u00bb{}\u00bb]<script><!-- [et_pb_line_break_holder] -->\tdocument.getElementById(\"locale\").value = wpml_current_lang;<!-- [et_pb_line_break_holder] --><\/script>[\/et_pb_code][et_pb_code admin_label=\u00bbCSS from Boostrap for Error Display\u00bb _builder_version=\u00bb4.16&#8243; _module_preset=\u00bbdefault\u00bb global_colors_info=\u00bb{}\u00bb]<\/p>\n<style><!-- [et_pb_line_break_holder] -->  .hidden {<!-- [et_pb_line_break_holder] -->    display: none!important;<!-- [et_pb_line_break_holder] -->\t}<!-- [et_pb_line_break_holder] -->  <!-- [et_pb_line_break_holder] -->  .has-error .checkbox,.has-error .checkbox-inline,.has-error .control-label,.has-error .help-block,.has-error .radio,.has-error .radio-inline,.has-error.checkbox label,.has-error.checkbox-inline label,.has-error.radio label,.has-error.radio-inline label{<!-- [et_pb_line_break_holder] -->      color:#a94442<!-- [et_pb_line_break_holder] -->  }<!-- [et_pb_line_break_holder] -->  .has-error .form-control{<!-- [et_pb_line_break_holder] -->      border-color:#a94442;<!-- [et_pb_line_break_holder] -->      -webkit-box-shadow:inset 0 1px 1px rgba(0,0,0,.075);<!-- [et_pb_line_break_holder] -->      box-shadow:inset 0 1px 1px rgba(0,0,0,.075)<!-- [et_pb_line_break_holder] -->  }<!-- [et_pb_line_break_holder] -->  .has-error .form-control:focus{<!-- [et_pb_line_break_holder] -->      border-color:#843534;<!-- [et_pb_line_break_holder] -->      -webkit-box-shadow:inset 0 1px 1px rgba(0,0,0,.075),0 0 6px #ce8483;<!-- [et_pb_line_break_holder] -->      box-shadow:inset 0 1px 1px rgba(0,0,0,.075),0 0 6px #ce8483<!-- [et_pb_line_break_holder] -->  }<!-- [et_pb_line_break_holder] -->  .has-error .input-group-addon{<!-- [et_pb_line_break_holder] -->      color:#a94442;<!-- [et_pb_line_break_holder] -->      background-color:#f2dede;<!-- [et_pb_line_break_holder] -->      border-color:#a94442<!-- [et_pb_line_break_holder] -->  }<!-- [et_pb_line_break_holder] -->  .has-error .form-control-feedback{<!-- [et_pb_line_break_holder] -->      color:#a94442<!-- [et_pb_line_break_holder] -->  }<!-- [et_pb_line_break_holder] --><\/style>\n<p>[\/et_pb_code][\/et_pb_column][\/et_pb_row][\/et_pb_section]<\/p>\n","protected":false},"excerpt":{"rendered":"<p>Cr\u00e9ese su cuentapara AgreeDo Opcionalmente, puede instalar el Plugin de AgreeDo para Outlook y as\u00ed, acceder a AgreeDo directamente desde Outlook.\u00d3<\/p>\n","protected":false},"author":2,"featured_media":0,"parent":0,"menu_order":0,"comment_status":"closed","ping_status":"closed","template":"","meta":{"_et_pb_use_builder":"on","_et_pb_old_content":"","_et_gb_content_width":"","footnotes":""},"class_list":["post-11113","page","type-page","status-publish","hentry"],"_links":{"self":[{"href":"https:\/\/www.agreedo.com\/es\/wp-json\/wp\/v2\/pages\/11113","targetHints":{"allow":["GET"]}}],"collection":[{"href":"https:\/\/www.agreedo.com\/es\/wp-json\/wp\/v2\/pages"}],"about":[{"href":"https:\/\/www.agreedo.com\/es\/wp-json\/wp\/v2\/types\/page"}],"author":[{"embeddable":true,"href":"https:\/\/www.agreedo.com\/es\/wp-json\/wp\/v2\/users\/2"}],"replies":[{"embeddable":true,"href":"https:\/\/www.agreedo.com\/es\/wp-json\/wp\/v2\/comments?post=11113"}],"version-history":[{"count":3,"href":"https:\/\/www.agreedo.com\/es\/wp-json\/wp\/v2\/pages\/11113\/revisions"}],"predecessor-version":[{"id":20274,"href":"https:\/\/www.agreedo.com\/es\/wp-json\/wp\/v2\/pages\/11113\/revisions\/20274"}],"wp:attachment":[{"href":"https:\/\/www.agreedo.com\/es\/wp-json\/wp\/v2\/media?parent=11113"}],"curies":[{"name":"wp","href":"https:\/\/api.w.org\/{rel}","templated":true}]}}