{"id":5126,"date":"2021-06-14T09:51:02","date_gmt":"2021-06-14T09:51:02","guid":{"rendered":"https:\/\/test.agreedo.com\/pricing\/"},"modified":"2021-11-19T08:01:55","modified_gmt":"2021-11-19T07:01:55","slug":"pricing","status":"publish","type":"page","link":"https:\/\/www.agreedo.com\/es\/pricing\/","title":{"rendered":"Precios"},"content":{"rendered":"<p>[et_pb_section fb_built=\u00bb1&#8243; _builder_version=\u00bb4.9.4&#8243; _module_preset=\u00bbdefault\u00bb background_color=\u00bb#6ebcf7&#8243; background_image=\u00bbhttps:\/\/www.agreedo.com\/wp-content\/uploads\/2021\/06\/pricing-hero-scaled.jpg\u00bb da_disable_devices=\u00bboff|off|off\u00bb global_colors_info=\u00bb{}\u00bb da_is_popup=\u00bboff\u00bb da_exit_intent=\u00bboff\u00bb da_has_close=\u00bbon\u00bb da_alt_close=\u00bboff\u00bb da_dark_close=\u00bboff\u00bb da_not_modal=\u00bbon\u00bb da_is_singular=\u00bboff\u00bb da_with_loader=\u00bboff\u00bb da_has_shadow=\u00bbon\u00bb][et_pb_row make_equal=\u00bbon\u00bb module_class=\u00bbcustom_row\u00bb _builder_version=\u00bb4.9.4&#8243; _module_preset=\u00bbdefault\u00bb max_width=\u00bb520px\u00bb module_alignment=\u00bbcenter\u00bb global_colors_info=\u00bb{}\u00bb][et_pb_column type=\u00bb4_4&#8243; module_class=\u00bbsecond-on-mobile\u00bb _builder_version=\u00bb4.9.4&#8243; _module_preset=\u00bbdefault\u00bb custom_css_main_element=\u00bbalign-self: center;\u00bb global_colors_info=\u00bb{}\u00bb][et_pb_text _builder_version=\u00bb4.9.4&#8243; _module_preset=\u00bbdefault\u00bb text_line_height=\u00bb1.6em\u00bb header_font_size=\u00bb48px\u00bb header_line_height=\u00bb1.2em\u00bb text_orientation=\u00bbcenter\u00bb background_layout=\u00bbdark\u00bb global_colors_info=\u00bb{}\u00bb]<\/p>\n<h1>Precios<\/h1>\n<p>Despu\u00e9s de completar el periodo de prueba, puede optar por actualizar a la version premium de AgreeDo o continuar usando nuestra oferta b\u00e1sica gratuita.<\/p>\n<p>[\/et_pb_text][et_pb_divider show_divider=\u00bboff\u00bb _builder_version=\u00bb4.9.4&#8243; _module_preset=\u00bbdefault\u00bb height=\u00bb100px\u00bb global_colors_info=\u00bb{}\u00bb][\/et_pb_divider][\/et_pb_column][\/et_pb_row][\/et_pb_section][et_pb_section fb_built=\u00bb1&#8243; _builder_version=\u00bb4.9.4&#8243; _module_preset=\u00bbdefault\u00bb custom_padding=\u00bb0px||||false|false\u00bb da_disable_devices=\u00bboff|off|off\u00bb global_colors_info=\u00bb{}\u00bb da_is_popup=\u00bboff\u00bb da_exit_intent=\u00bboff\u00bb da_has_close=\u00bbon\u00bb da_alt_close=\u00bboff\u00bb da_dark_close=\u00bboff\u00bb da_not_modal=\u00bbon\u00bb da_is_singular=\u00bboff\u00bb da_with_loader=\u00bboff\u00bb da_has_shadow=\u00bbon\u00bb][et_pb_row column_structure=\u00bb1_3,1_3,1_3&#8243; use_custom_gutter=\u00bbon\u00bb gutter_width=\u00bb2&#8243; _builder_version=\u00bb4.9.4&#8243; _module_preset=\u00bbdefault\u00bb width=\u00bb90%\u00bb global_colors_info=\u00bb{}\u00bb][et_pb_column type=\u00bb1_3&#8243; _builder_version=\u00bb4.9.4&#8243; _module_preset=\u00bbdefault\u00bb custom_padding=\u00bb|30px||30px|false|true\u00bb global_colors_info=\u00bb{}\u00bb][et_pb_divider show_divider=\u00bboff\u00bb _builder_version=\u00bb4.9.4&#8243; _module_preset=\u00bbdefault\u00bb height=\u00bb30px\u00bb global_colors_info=\u00bb{}\u00bb][\/et_pb_divider][et_pb_text _builder_version=\u00bb4.9.4&#8243; _module_preset=\u00bbdefault\u00bb text_line_height=\u00bb1.6em\u00bb header_2_font_size=\u00bb25px\u00bb custom_margin=\u00bb||0px||false|false\u00bb custom_padding=\u00bb||10px||false|false\u00bb global_colors_info=\u00bb{}\u00bb]<\/p>\n<h2>Edici\u00f3n B\u00e1sica<\/h2>\n<p>[\/et_pb_text][et_pb_button button_url=\u00bb@ET-DC@eyJkeW5hbWljIjp0cnVlLCJjb250ZW50IjoicG9zdF9saW5rX3VybF9wYWdlIiwic2V0dGluZ3MiOnsicG9zdF9pZCI6IjYzNjAifX0=@\u00bb button_text=\u00bbReg\u00edstrate ahora\u00bb button_alignment=\u00bbcenter\u00bb _builder_version=\u00bb4.9.4&#8243; _dynamic_attributes=\u00bbbutton_url\u00bb _module_preset=\u00bbdefault\u00bb custom_button=\u00bbon\u00bb button_text_size=\u00bb18px\u00bb button_text_color=\u00bb#43a9f7&#8243; button_bg_color=\u00bb#e1f2ff\u00bb button_border_width=\u00bb0px\u00bb button_border_radius=\u00bb5px\u00bb button_font=\u00bbKumbh Sans|700|||||||\u00bb button_use_icon=\u00bboff\u00bb custom_margin=\u00bb||30px||false|false\u00bb custom_padding=\u00bb|30px||30px|false|true\u00bb custom_css_main_element=\u00bbwidth: 100%;\u00bb global_colors_info=\u00bb{}\u00bb][\/et_pb_button][et_pb_text _builder_version=\u00bb4.9.4&#8243; _module_preset=\u00bbdefault\u00bb text_line_height=\u00bb1.6em\u00bb header_2_font_size=\u00bb30px\u00bb custom_margin=\u00bb||0px||false|false\u00bb custom_padding=\u00bb||10px||false|false\u00bb global_colors_info=\u00bb{}\u00bb]<\/p>\n<h3>Gratis<\/h3>\n<p>[\/et_pb_text][et_pb_text _builder_version=\u00bb4.9.4&#8243; _module_preset=\u00bbdefault\u00bb ul_font_size=\u00bb15px\u00bb ul_line_height=\u00bb2.4em\u00bb global_colors_info=\u00bb{}\u00bb]<\/p>\n<ul>\n<li>Programar reuniones y crear actas<\/li>\n<li>Integraciones ICS (Outlook, Google Calendar, etc.)<\/li>\n<li>Cifrado SSL<\/li>\n<li><strong>4<\/strong> Reuniones al mes<\/li>\n<li><strong>3<\/strong> Participantes por Reuni\u00f3n<\/li>\n<li><strong>1<\/strong> Adjuntos por Reuni\u00f3n<\/li>\n<li>B\u00fasqueda limitada<\/li>\n<\/ul>\n<p>[\/et_pb_text][\/et_pb_column][et_pb_column type=\u00bb1_3&#8243; _builder_version=\u00bb4.9.4&#8243; _module_preset=\u00bbdefault\u00bb background_color=\u00bb#FFFFFF\u00bb custom_padding=\u00bb40px|30px|40px|30px|true|true\u00bb custom_css_main_element=\u00bbmargin-top: -100px;\u00bb box_shadow_style=\u00bbpreset3&#8243; box_shadow_vertical=\u00bb21px\u00bb box_shadow_blur=\u00bb27px\u00bb box_shadow_color=\u00bbrgba(0,0,0,0.1)\u00bb global_colors_info=\u00bb{}\u00bb custom_css_main_element_last_edited=\u00bbon|phone\u00bb custom_css_main_element_phone=\u00bbmargin-top: 0px;\u00bb custom_css_main_element_tablet=\u00bbmargin-top: -100px;\u00bb][et_pb_text _builder_version=\u00bb4.9.4&#8243; _module_preset=\u00bbdefault\u00bb text_font=\u00bb|600|||||||\u00bb text_text_color=\u00bb#dea7b0&#8243; text_font_size=\u00bb16px\u00bb background_color=\u00bb#faedef\u00bb text_orientation=\u00bbcenter\u00bb custom_margin=\u00bb||20px||false|false\u00bb custom_padding=\u00bb10px||10px||true|false\u00bb border_radii=\u00bbon|50px|50px|50px|50px\u00bb global_colors_info=\u00bb{}\u00bb]<\/p>\n<p>M\u00e1s Popular<\/p>\n<p>[\/et_pb_text][et_pb_divider show_divider=\u00bboff\u00bb _builder_version=\u00bb4.9.4&#8243; _module_preset=\u00bbdefault\u00bb height=\u00bb30px\u00bb global_colors_info=\u00bb{}\u00bb][\/et_pb_divider][et_pb_text _builder_version=\u00bb4.9.4&#8243; _module_preset=\u00bbdefault\u00bb text_line_height=\u00bb1.6em\u00bb header_2_font_size=\u00bb25px\u00bb custom_margin=\u00bb||0px||false|false\u00bb custom_padding=\u00bb||10px||false|false\u00bb global_colors_info=\u00bb{}\u00bb]<\/p>\n<h2>Premium<\/h2>\n<p>[\/et_pb_text][et_pb_button button_url=\u00bb@ET-DC@eyJkeW5hbWljIjp0cnVlLCJjb250ZW50IjoicG9zdF9saW5rX3VybF9wYWdlIiwic2V0dGluZ3MiOnsicG9zdF9pZCI6IjYzNjAifX0=@\u00bb button_text=\u00bbComenzar Prueba Gratis\u00bb button_alignment=\u00bbcenter\u00bb _builder_version=\u00bb4.9.4&#8243; _dynamic_attributes=\u00bbbutton_url\u00bb _module_preset=\u00bbdefault\u00bb custom_button=\u00bbon\u00bb button_text_size=\u00bb18px\u00bb button_text_color=\u00bb#FFFFFF\u00bb button_bg_color=\u00bb#43a9f7&#8243; button_border_width=\u00bb0px\u00bb button_border_radius=\u00bb5px\u00bb button_font=\u00bbKumbh Sans|700|||||||\u00bb button_use_icon=\u00bboff\u00bb custom_margin=\u00bb||30px||false|false\u00bb custom_padding=\u00bb|30px||30px|false|true\u00bb custom_css_main_element=\u00bbwidth: 100%;\u00bb global_colors_info=\u00bb{}\u00bb][\/et_pb_button][et_pb_text _builder_version=\u00bb4.9.4&#8243; _module_preset=\u00bbdefault\u00bb text_line_height=\u00bb1.6em\u00bb header_2_font_size=\u00bb30px\u00bb custom_margin=\u00bb||0px||false|false\u00bb custom_padding=\u00bb||10px||false|false\u00bb global_colors_info=\u00bb{}\u00bb]<\/p>\n<h3>$7.9<span style=\"color: #c6ccd1;\">\/mo<\/span><\/h3>\n<p>[\/et_pb_text][et_pb_text _builder_version=\u00bb4.9.4&#8243; _module_preset=\u00bbdefault\u00bb ul_font_size=\u00bb15px\u00bb ul_line_height=\u00bb2.4em\u00bb global_colors_info=\u00bb{}\u00bb]<\/p>\n<ul>\n<li>Programar reuniones y crear actas<\/li>\n<li>Integraciones ICS (Outlook, Google Calendar, etc.)<\/li>\n<li>Cifrado SSL<\/li>\n<li>Reuniones<strong>Ilimitadas<\/strong><\/li>\n<li>Participantes <strong>Ilimitados<\/strong><\/li>\n<li>Adjuntos <strong>Ilimitados<\/strong><\/li>\n<li>B\u00fasqueda Avanzada<\/li>\n<li>Dise\u00f1o de Impresi\u00f3n Personalizado<\/li>\n<li>Reuniones moderadas<\/li>\n<li>Exportar a Excel\/CSV<\/li>\n<li>Mover \/ copiar elementos entre reuniones<\/li>\n<\/ul>\n<p>[\/et_pb_text][\/et_pb_column][et_pb_column type=\u00bb1_3&#8243; _builder_version=\u00bb4.9.4&#8243; _module_preset=\u00bbdefault\u00bb custom_padding=\u00bb|30px||30px|false|true\u00bb global_colors_info=\u00bb{}\u00bb][et_pb_divider show_divider=\u00bboff\u00bb _builder_version=\u00bb4.9.4&#8243; _module_preset=\u00bbdefault\u00bb height=\u00bb30px\u00bb global_colors_info=\u00bb{}\u00bb][\/et_pb_divider][et_pb_text _builder_version=\u00bb4.9.4&#8243; _module_preset=\u00bbdefault\u00bb text_line_height=\u00bb1.6em\u00bb header_2_font_size=\u00bb25px\u00bb custom_margin=\u00bb||0px||false|false\u00bb custom_padding=\u00bb||10px||false|false\u00bb global_colors_info=\u00bb{}\u00bb]<\/p>\n<h2>Equipos \/ Empresa<\/h2>\n<p>[\/et_pb_text][et_pb_button button_url=\u00bbmailto:sales@agreedo.com\u00bb button_text=\u00bbCont\u00e1ctenos\u00bb button_alignment=\u00bbcenter\u00bb _builder_version=\u00bb4.10.7&#8243; _module_preset=\u00bbdefault\u00bb custom_button=\u00bbon\u00bb button_text_size=\u00bb18px\u00bb button_text_color=\u00bb#43a9f7&#8243; button_bg_color=\u00bb#e1f2ff\u00bb button_border_width=\u00bb0px\u00bb button_border_radius=\u00bb5px\u00bb button_font=\u00bbKumbh Sans|700|||||||\u00bb button_use_icon=\u00bboff\u00bb custom_margin=\u00bb||30px||false|false\u00bb custom_padding=\u00bb|30px||30px|false|true\u00bb custom_css_main_element=\u00bbwidth: 100%;\u00bb global_colors_info=\u00bb{}\u00bb][\/et_pb_button][et_pb_text _builder_version=\u00bb4.10.7&#8243; _module_preset=\u00bbdefault\u00bb text_line_height=\u00bb1.6em\u00bb header_2_font_size=\u00bb30px\u00bb custom_margin=\u00bb||0px||false|false\u00bb custom_padding=\u00bb||10px||false|false\u00bb global_colors_info=\u00bb{}\u00bb]<\/p>\n<h3>Precios individuales<\/h3>\n<p>[\/et_pb_text][et_pb_text _builder_version=\u00bb4.9.4&#8243; _module_preset=\u00bbdefault\u00bb ul_font_size=\u00bb15px\u00bb ul_line_height=\u00bb2.4em\u00bb global_colors_info=\u00bb{}\u00bb]<\/p>\n<ul>\n<li>Programar reuniones y crear actas<\/li>\n<li>Integraciones ICS (Outlook, Google Calendar, etc.)<\/li>\n<li>Cifrado SSL<\/li>\n<li>Reuniones<strong>Ilimitadas<\/strong><\/li>\n<li>Participantes <strong>Ilimitados<\/strong><\/li>\n<li>Adjuntos <strong>Ilimitados<\/strong><\/li>\n<li>B\u00fasqueda Avanzada<\/li>\n<li>Dise\u00f1o de Impresi\u00f3n Personalizado<\/li>\n<li>Reuniones moderadas<\/li>\n<li>Exportar a Excel\/CSV<\/li>\n<li>Mover \/ copiar elementos entre reuniones<\/li>\n<\/ul>\n<p>[\/et_pb_text][\/et_pb_column][\/et_pb_row][\/et_pb_section][et_pb_section fb_built=\u00bb1&#8243; _builder_version=\u00bb4.9.4&#8243; _module_preset=\u00bbdefault\u00bb da_disable_devices=\u00bboff|off|off\u00bb global_colors_info=\u00bb{}\u00bb da_is_popup=\u00bboff\u00bb da_exit_intent=\u00bboff\u00bb da_has_close=\u00bbon\u00bb da_alt_close=\u00bboff\u00bb da_dark_close=\u00bboff\u00bb da_not_modal=\u00bbon\u00bb da_is_singular=\u00bboff\u00bb da_with_loader=\u00bboff\u00bb da_has_shadow=\u00bbon\u00bb][et_pb_row _builder_version=\u00bb4.9.4&#8243; _module_preset=\u00bbdefault\u00bb width=\u00bb90%\u00bb max_width=\u00bb720px\u00bb module_alignment=\u00bbcenter\u00bb global_colors_info=\u00bb{}\u00bb][et_pb_column type=\u00bb4_4&#8243; _builder_version=\u00bb4.9.4&#8243; _module_preset=\u00bbdefault\u00bb global_colors_info=\u00bb{}\u00bb][et_pb_text _builder_version=\u00bb4.9.4&#8243; _module_preset=\u00bbdefault\u00bb text_line_height=\u00bb1.6em\u00bb header_2_font_size=\u00bb30px\u00bb header_3_font_size=\u00bb24px\u00bb text_orientation=\u00bbcenter\u00bb global_colors_info=\u00bb{}\u00bb]<\/p>\n<h3>Preguntas Frecuentes<\/h3>\n<p>[\/et_pb_text][et_pb_accordion open_toggle_background_color=\u00bb#FFFFFF\u00bb closed_toggle_text_color=\u00bb#000000&#8243; closed_toggle_background_color=\u00bb#FFFFFF\u00bb icon_color=\u00bb#43a9f7&#8243; use_icon_font_size=\u00bbon\u00bb icon_font_size=\u00bb21px\u00bb _builder_version=\u00bb4.9.4&#8243; _module_preset=\u00bbdefault\u00bb toggle_font_size=\u00bb18px\u00bb border_width_all=\u00bb0px\u00bb global_colors_info=\u00bb{}\u00bb][et_pb_accordion_item title=\u00bb\u00bfNecesito una tarjeta de cr\u00e9dito para registrarme?\u00bb open=\u00bbon\u00bb _builder_version=\u00bb4.9.4&#8243; _module_preset=\u00bbdefault\u00bb custom_padding=\u00bb5px||5px||true|false\u00bb global_colors_info=\u00bb{}\u00bb]<\/p>\n<p>No. Usted puede registrarse sin una tarjeta de cr\u00e9dito. Adem\u00e1s, tu cuenta basica de Agreedo permanecer\u00e1 gratis, <strong>\u00a1para siempre!<\/strong><\/p>\n<p>[\/et_pb_accordion_item][et_pb_accordion_item title=\u00bb\u00bfHay alg\u00fan servicio gratuito?\u00bb _builder_version=\u00bb4.9.4&#8243; _module_preset=\u00bbdefault\u00bb custom_padding=\u00bb5px||5px||true|false\u00bb global_colors_info=\u00bb{}\u00bb open=\u00bboff\u00bb]<\/p>\n<p>S\u00ed. Despu\u00e9s de que su prueba premium termine, tendr\u00e1 acceso gratuito permanente a AgreeDo con un conjunto de caracter\u00edsticas reducidas (ver B\u00e1sico arriba)<\/p>\n<p>[\/et_pb_accordion_item][et_pb_accordion_item title=\u00bb\u00bfQu\u00e9 se incluye en la licencia?\u00bb _builder_version=\u00bb4.9.4&#8243; _module_preset=\u00bbdefault\u00bb custom_padding=\u00bb5px||5px||true|false\u00bb global_colors_info=\u00bb{}\u00bb open=\u00bboff\u00bb]<\/p>\n<p>Su licencia proporciona acceso ilimitado a la prima de AgreeDo para una cuenta individual. Todo el soporte, mantenimiento, actualizaciones y funciones adicionales est\u00e1n incluidos en el precio.<\/p>\n<p>[\/et_pb_accordion_item][et_pb_accordion_item title=\u00bb\u00bfHay alg\u00fan descuento adicional, por ejemplo, para organizaciones sin fines de lucro como universidades, etc.?\u00bb _builder_version=\u00bb4.9.4&#8243; _module_preset=\u00bbdefault\u00bb custom_padding=\u00bb5px||5px||true|false\u00bb global_colors_info=\u00bb{}\u00bb open=\u00bboff\u00bb]<\/p>\n<p>S\u00ed. Para las organizaciones sin fines de lucro (NPOs) como las organizaciones de caridad, universidades, etc. ofrecemos descuentos adicionales. Por favor <a href=\"mailto:sales@agreedo.com\">contacte con ventas<\/a> para informaci\u00f3n adicional.<\/p>\n<p>[\/et_pb_accordion_item][et_pb_accordion_item title=\u00bb\u00bfC\u00f3mo licencio a mi equipo?\u00bb _builder_version=\u00bb4.9.4&#8243; _module_preset=\u00bbdefault\u00bb custom_padding=\u00bb5px||5px||true|false\u00bb global_colors_info=\u00bb{}\u00bb open=\u00bboff\u00bb]<\/p>\n<p>Despu\u00e9s de haber comprado varias cuentas, por favor env\u00ede una lista de las direcciones de correo electr\u00f3nico de sus compa\u00f1eros de equipo a <a href=\"mailto:support@agreedo.com\">support@agreedo.com<\/a>. Entonces actualizaremos a esos usuarios a AgreeDo Premium. Por favor, aseg\u00farate de que todos tus compa\u00f1eros de equipo se registren veces para obtener una cuenta b\u00e1sica gratuita de AgreeDo. De lo contrario no podremos actualizarlos.<\/p>\n<p>[\/et_pb_accordion_item][et_pb_accordion_item title=\u00bb\u00bfC\u00f3mo se me facturar\u00e1?\u00bb _builder_version=\u00bb4.9.4&#8243; _module_preset=\u00bbdefault\u00bb custom_padding=\u00bb5px||5px||true|false\u00bb global_colors_info=\u00bb{}\u00bb open=\u00bboff\u00bb]<\/p>\n<p><strong>Facturaci\u00f3n mensual:<\/strong><br \/>Despu\u00e9s de que finalice la prueba gratuita de 30 d\u00edas, puede comprar una licencia Premium. Le cobraremos mensualmente. Puede cancelar su suscripci\u00f3n todos los meses.<\/p>\n<p><strong>Facturaci\u00f3n anual:<\/strong><br \/>Una vez finalizada la prueba Premium de 30 d\u00edas, puede comprar una licencia Premium anual. Te daremos un 10% de descuento en comparaci\u00f3n con la facturaci\u00f3n mensual.<\/p>\n<p>[\/et_pb_accordion_item][et_pb_accordion_item title=\u00bb\u00bfQu\u00e9 tipos de pago puedo utilizar?\u00bb _builder_version=\u00bb4.9.4&#8243; _module_preset=\u00bbdefault\u00bb custom_padding=\u00bb5px||5px||true|false\u00bb global_colors_info=\u00bb{}\u00bb open=\u00bboff\u00bb]<\/p>\n<p>Aceptamos Visa, MasterCard y American Express a trav\u00e9s de nuestro sistema de facturaci\u00f3n en l\u00ednea (con tecnolog\u00eda Stripe). Adicionalmente ofrecemos compra a cuenta. Comun\u00edquese con ventas.<\/p>\n<p>[\/et_pb_accordion_item][et_pb_accordion_item title=\u00bb\u00bfHay alg\u00fan descuento adicional, por ejemplo, para organizaciones sin fines de lucro como universidades, etc.?\u00bb _builder_version=\u00bb4.9.4&#8243; _module_preset=\u00bbdefault\u00bb custom_padding=\u00bb5px||5px||true|false\u00bb global_colors_info=\u00bb{}\u00bb open=\u00bboff\u00bb]<\/p>\n<p>S\u00ed. Para las organizaciones sin fines de lucro (NPOs) como las organizaciones de caridad, universidades, etc. ofrecemos descuentos adicionales. Por favor contacte con ventas para informaci\u00f3n adicional.<\/p>\n<p>[\/et_pb_accordion_item][et_pb_accordion_item title=\u00bb\u00bfTiene m\u00e1s preguntas?\u00bb _builder_version=\u00bb4.9.4&#8243; _module_preset=\u00bbdefault\u00bb custom_padding=\u00bb5px||5px||true|false\u00bb global_colors_info=\u00bb{}\u00bb open=\u00bboff\u00bb]<\/p>\n<p>Por favor no dude en contactar con nosotros.<\/p>\n<p>[\/et_pb_accordion_item][\/et_pb_accordion][\/et_pb_column][\/et_pb_row][\/et_pb_section]<\/p>\n","protected":false},"excerpt":{"rendered":"<p>Precios Despu\u00e9s de completar el periodo de prueba, puede optar por actualizar a la version premium de AgreeDo o continuar usando nuestra oferta b\u00e1sica gratuita.Edici\u00f3n B\u00e1sicaGratis Programar reuniones y crear actas Integraciones ICS (Outlook, Google Calendar, etc.) Cifrado SSL 4 Reuniones al mes 3 Participantes por Reuni\u00f3n 1 Adjuntos por Reuni\u00f3n B\u00fasqueda limitada M\u00e1s PopularPremium$7.9\/mo [&hellip;]<\/p>\n","protected":false},"author":2,"featured_media":0,"parent":0,"menu_order":0,"comment_status":"closed","ping_status":"closed","template":"","meta":{"_et_pb_use_builder":"on","_et_pb_old_content":"","_et_gb_content_width":"","footnotes":""},"class_list":["post-5126","page","type-page","status-publish","hentry"],"_links":{"self":[{"href":"https:\/\/www.agreedo.com\/es\/wp-json\/wp\/v2\/pages\/5126","targetHints":{"allow":["GET"]}}],"collection":[{"href":"https:\/\/www.agreedo.com\/es\/wp-json\/wp\/v2\/pages"}],"about":[{"href":"https:\/\/www.agreedo.com\/es\/wp-json\/wp\/v2\/types\/page"}],"author":[{"embeddable":true,"href":"https:\/\/www.agreedo.com\/es\/wp-json\/wp\/v2\/users\/2"}],"replies":[{"embeddable":true,"href":"https:\/\/www.agreedo.com\/es\/wp-json\/wp\/v2\/comments?post=5126"}],"version-history":[{"count":6,"href":"https:\/\/www.agreedo.com\/es\/wp-json\/wp\/v2\/pages\/5126\/revisions"}],"predecessor-version":[{"id":17447,"href":"https:\/\/www.agreedo.com\/es\/wp-json\/wp\/v2\/pages\/5126\/revisions\/17447"}],"wp:attachment":[{"href":"https:\/\/www.agreedo.com\/es\/wp-json\/wp\/v2\/media?parent=5126"}],"curies":[{"name":"wp","href":"https:\/\/api.w.org\/{rel}","templated":true}]}}