{"id":6227,"date":"2021-06-15T12:12:04","date_gmt":"2021-06-15T12:12:04","guid":{"rendered":"https:\/\/test.agreedo.com\/seguridad\/"},"modified":"2021-11-26T18:17:08","modified_gmt":"2021-11-26T17:17:08","slug":"seguridad","status":"publish","type":"page","link":"https:\/\/www.agreedo.com\/es\/seguridad\/","title":{"rendered":"Seguridad"},"content":{"rendered":"<p>[et_pb_section fb_built=\u00bb1&#8243; _builder_version=\u00bb4.9.4&#8243; _module_preset=\u00bbdefault\u00bb background_color=\u00bb#e6f1f3&#8243; da_disable_devices=\u00bboff|off|off\u00bb global_colors_info=\u00bb{}\u00bb da_is_popup=\u00bboff\u00bb da_exit_intent=\u00bboff\u00bb da_has_close=\u00bbon\u00bb da_alt_close=\u00bboff\u00bb da_dark_close=\u00bboff\u00bb da_not_modal=\u00bbon\u00bb da_is_singular=\u00bboff\u00bb da_with_loader=\u00bboff\u00bb da_has_shadow=\u00bbon\u00bb][et_pb_row column_structure=\u00bb1_2,1_2&#8243; make_equal=\u00bbon\u00bb module_class=\u00bbcustom_row\u00bb _builder_version=\u00bb4.9.4&#8243; _module_preset=\u00bbdefault\u00bb global_colors_info=\u00bb{}\u00bb][et_pb_column type=\u00bb1_2&#8243; module_class=\u00bbsecond-on-mobile\u00bb _builder_version=\u00bb4.9.4&#8243; _module_preset=\u00bbdefault\u00bb custom_css_main_element=\u00bbalign-self: center;\u00bb global_colors_info=\u00bb{}\u00bb][et_pb_text _builder_version=\u00bb4.9.4&#8243; _module_preset=\u00bbdefault\u00bb text_line_height=\u00bb1.6em\u00bb header_font_size=\u00bb48px\u00bb header_line_height=\u00bb1.2em\u00bb global_colors_info=\u00bb{}\u00bb]<\/p>\n<h1>Seguridad<\/h1>\n<p><strong><\/strong><\/p>\n<p><strong>\u00bfEst\u00e1n mis datos seguros en AgreeDo?<br \/><\/strong>S\u00ed. AgreeDo utiliza lo \u00faltimo en tecnolog\u00eda para garantizar que toda informaci\u00f3n delicada de sus reuniones se mantengan seguras y bajo estricta confianza.<\/p>\n<p>[\/et_pb_text][\/et_pb_column][et_pb_column type=\u00bb1_2&#8243; module_class=\u00bbfirst-on-mobile\u00bb _builder_version=\u00bb4.9.4&#8243; _module_preset=\u00bbdefault\u00bb global_colors_info=\u00bb{}\u00bb][et_pb_image src=\u00bbhttps:\/\/www.agreedo.com\/wp-content\/uploads\/2021\/06\/security-hero.svg\u00bb title_text=\u00bbsecurity-hero\u00bb align=\u00bbcenter\u00bb _builder_version=\u00bb4.9.4&#8243; _module_preset=\u00bbdefault\u00bb max_width=\u00bb500px\u00bb global_colors_info=\u00bb{}\u00bb][\/et_pb_image][\/et_pb_column][\/et_pb_row][\/et_pb_section][et_pb_section fb_built=\u00bb1&#8243; _builder_version=\u00bb4.9.4&#8243; _module_preset=\u00bbdefault\u00bb da_disable_devices=\u00bboff|off|off\u00bb global_colors_info=\u00bb{}\u00bb da_is_popup=\u00bboff\u00bb da_exit_intent=\u00bboff\u00bb da_has_close=\u00bbon\u00bb da_alt_close=\u00bboff\u00bb da_dark_close=\u00bboff\u00bb da_not_modal=\u00bbon\u00bb da_is_singular=\u00bboff\u00bb da_with_loader=\u00bboff\u00bb da_has_shadow=\u00bbon\u00bb][et_pb_row _builder_version=\u00bb4.9.4&#8243; _module_preset=\u00bbdefault\u00bb max_width=\u00bb520px\u00bb module_alignment=\u00bbcenter\u00bb global_colors_info=\u00bb{}\u00bb][et_pb_column type=\u00bb4_4&#8243; _builder_version=\u00bb4.9.4&#8243; _module_preset=\u00bbdefault\u00bb global_colors_info=\u00bb{}\u00bb][et_pb_text _builder_version=\u00bb4.9.4&#8243; _module_preset=\u00bbdefault\u00bb text_line_height=\u00bb1.6em\u00bb header_2_font_size=\u00bb30px\u00bb text_orientation=\u00bbcenter\u00bb global_colors_info=\u00bb{}\u00bb]<\/p>\n<h2>Caracter\u00edsticas de seguridad<\/h2>\n<p>Hemos implementado las siguientes medidas de seguridad para garantizar que sus datos permanezcan seguros:<\/p>\n<p>[\/et_pb_text][\/et_pb_column][\/et_pb_row][et_pb_row column_structure=\u00bb1_3,1_3,1_3&#8243; _builder_version=\u00bb4.9.4&#8243; _module_preset=\u00bbdefault\u00bb global_colors_info=\u00bb{}\u00bb][et_pb_column type=\u00bb1_3&#8243; _builder_version=\u00bb4.9.4&#8243; _module_preset=\u00bbdefault\u00bb global_colors_info=\u00bb{}\u00bb][et_pb_blurb title=\u00bbCifrado HTTPS\u00bb image=\u00bbhttps:\/\/www.agreedo.com\/wp-content\/uploads\/2021\/06\/s1.svg\u00bb image_icon_width=\u00bb50%\u00bb icon_alignment=\u00bbleft\u00bb _builder_version=\u00bb4.13.0&#8243; _module_preset=\u00bbdefault\u00bb image_max_width=\u00bb50%\u00bb global_colors_info=\u00bb{}\u00bb]<\/p>\n<p>AgreeDo s\u00f3lo puede ser accedido a trav\u00e9s de una conexi\u00f3n HTTPS encriptada. Toda la comunicaci\u00f3n entre su computador y nuestros servidores es encriptada por defecto. Su navegador muestra un \u00edcono de candado para indicar que la conexi\u00f3n est\u00e1 encriptada.<\/p>\n<p>[\/et_pb_blurb][\/et_pb_column][et_pb_column type=\u00bb1_3&#8243; _builder_version=\u00bb4.9.4&#8243; _module_preset=\u00bbdefault\u00bb global_colors_info=\u00bb{}\u00bb][et_pb_blurb title=\u00bbDerechos de Acceso\u00bb image=\u00bbhttps:\/\/www.agreedo.com\/wp-content\/uploads\/2021\/06\/s2.svg\u00bb image_icon_width=\u00bb50%\u00bb icon_alignment=\u00bbleft\u00bb _builder_version=\u00bb4.13.0&#8243; _module_preset=\u00bbdefault\u00bb image_max_width=\u00bb50%\u00bb global_colors_info=\u00bb{}\u00bb]<\/p>\n<p>por defecto, las reuniones que crea pueden ser accedidas \u00fanicamente por personas asignadas por usted, y por nadie m\u00e1s. Puede agregar y eliminar participantes f\u00e1cilmente para controlar qui\u00e9n tiene acceso<\/p>\n<p>[\/et_pb_blurb][\/et_pb_column][et_pb_column type=\u00bb1_3&#8243; _builder_version=\u00bb4.9.4&#8243; _module_preset=\u00bbdefault\u00bb global_colors_info=\u00bb{}\u00bb][et_pb_blurb title=\u00bbReuniones protegidas por contrase\u00f1a\u00bb image=\u00bbhttps:\/\/www.agreedo.com\/wp-content\/uploads\/2021\/06\/s3.svg\u00bb image_icon_width=\u00bb50%\u00bb icon_alignment=\u00bbleft\u00bb _builder_version=\u00bb4.13.0&#8243; _module_preset=\u00bbdefault\u00bb image_max_width=\u00bb50%\u00bb global_colors_info=\u00bb{}\u00bb]<\/p>\n<p>si crea reuniones p\u00fablicas, puede especificar una contrase\u00f1a que ser\u00e1 solicitada para acceder a la reuni\u00f3n.<\/p>\n<p>[\/et_pb_blurb][\/et_pb_column][\/et_pb_row][et_pb_row column_structure=\u00bb1_3,1_3,1_3&#8243; _builder_version=\u00bb4.9.4&#8243; _module_preset=\u00bbdefault\u00bb global_colors_info=\u00bb{}\u00bb][et_pb_column type=\u00bb1_3&#8243; _builder_version=\u00bb4.9.4&#8243; _module_preset=\u00bbdefault\u00bb global_colors_info=\u00bb{}\u00bb][et_pb_blurb title=\u00bbReuniones moderadas\u00bb image=\u00bbhttps:\/\/www.agreedo.com\/wp-content\/uploads\/2021\/06\/s4.svg\u00bb image_icon_width=\u00bb50%\u00bb icon_alignment=\u00bbleft\u00bb _builder_version=\u00bb4.13.0&#8243; _module_preset=\u00bbdefault\u00bb image_max_width=\u00bb50%\u00bb global_colors_info=\u00bb{}\u00bb]<\/p>\n<p>las reuniones moderadas s\u00f3lo pueden ser editadas por la persona que las cre\u00f3. Los dem\u00e1s participantes s\u00f3lo pueden ver la reuni\u00f3n y agregar comentarios.<\/p>\n<p>[\/et_pb_blurb][\/et_pb_column][et_pb_column type=\u00bb1_3&#8243; _builder_version=\u00bb4.9.4&#8243; _module_preset=\u00bbdefault\u00bb global_colors_info=\u00bb{}\u00bb][et_pb_blurb title=\u00bbReuniones cerradas\u00bb image=\u00bbhttps:\/\/www.agreedo.com\/wp-content\/uploads\/2021\/06\/s5.svg\u00bb image_icon_width=\u00bb50%\u00bb icon_alignment=\u00bbleft\u00bb _builder_version=\u00bb4.13.0&#8243; _module_preset=\u00bbdefault\u00bb image_max_width=\u00bb50%\u00bb global_colors_info=\u00bb{}\u00bb]<\/p>\n<p>para asegurarse que una reuni\u00f3n ya no pueda ser editada, puede simplemente cerrarla. A partir de ese momento, la reuni\u00f3n ser\u00e1 de s\u00f3lo lectura.<\/p>\n<p>[\/et_pb_blurb][\/et_pb_column][et_pb_column type=\u00bb1_3&#8243; _builder_version=\u00bb4.9.4&#8243; _module_preset=\u00bbdefault\u00bb global_colors_info=\u00bb{}\u00bb][\/et_pb_column][\/et_pb_row][et_pb_row _builder_version=\u00bb4.9.4&#8243; _module_preset=\u00bbdefault\u00bb max_width=\u00bb630px\u00bb module_alignment=\u00bbcenter\u00bb global_colors_info=\u00bb{}\u00bb][et_pb_column type=\u00bb4_4&#8243; _builder_version=\u00bb4.9.4&#8243; _module_preset=\u00bbdefault\u00bb global_colors_info=\u00bb{}\u00bb][et_pb_button button_url=\u00bb@ET-DC@eyJkeW5hbWljIjp0cnVlLCJjb250ZW50IjoicG9zdF9saW5rX3VybF9wYWdlIiwic2V0dGluZ3MiOnsicG9zdF9pZCI6IjExMTEzIn19@\u00bb button_text=\u00bb\u00a1Reg\u00edstrese Ahora!\u00bb button_alignment=\u00bbcenter\u00bb _builder_version=\u00bb4.14.1&#8243; _dynamic_attributes=\u00bbbutton_url\u00bb _module_preset=\u00bbdefault\u00bb custom_button=\u00bbon\u00bb button_text_size=\u00bb18px\u00bb button_text_color=\u00bb#FFFFFF\u00bb button_bg_color=\u00bb#43a9f7&#8243; button_border_width=\u00bb0px\u00bb button_border_radius=\u00bb5px\u00bb button_font=\u00bbKumbh Sans|700|||||||\u00bb button_use_icon=\u00bboff\u00bb custom_margin=\u00bb|10px|14px|10px|false|true\u00bb custom_padding=\u00bb|30px||30px|false|true\u00bb hover_enabled=\u00bb0&#8243; global_colors_info=\u00bb{}\u00bb sticky_enabled=\u00bb0&#8243;][\/et_pb_button][et_pb_text _builder_version=\u00bb4.9.4&#8243; _module_preset=\u00bbdefault\u00bb text_font=\u00bb|600|||||||\u00bb text_font_size=\u00bb14px\u00bb text_orientation=\u00bbcenter\u00bb global_colors_info=\u00bb{}\u00bb]<\/p>\n<p>\u00a1No se necesita tarjeta de cr\u00e9dito!<\/p>\n<p>[\/et_pb_text][\/et_pb_column][\/et_pb_row][\/et_pb_section]<\/p>\n","protected":false},"excerpt":{"rendered":"<p>Seguridad \u00bfEst\u00e1n mis datos seguros en AgreeDo?S\u00ed. AgreeDo utiliza lo \u00faltimo en tecnolog\u00eda para garantizar que toda informaci\u00f3n delicada de sus reuniones se mantengan seguras y bajo estricta confianza.Caracter\u00edsticas de seguridad Hemos implementado las siguientes medidas de seguridad para garantizar que sus datos permanezcan seguros:AgreeDo s\u00f3lo puede ser accedido a trav\u00e9s de una conexi\u00f3n HTTPS [&hellip;]<\/p>\n","protected":false},"author":2,"featured_media":0,"parent":0,"menu_order":0,"comment_status":"closed","ping_status":"closed","template":"","meta":{"_et_pb_use_builder":"on","_et_pb_old_content":"","_et_gb_content_width":"","footnotes":""},"class_list":["post-6227","page","type-page","status-publish","hentry"],"_links":{"self":[{"href":"https:\/\/www.agreedo.com\/es\/wp-json\/wp\/v2\/pages\/6227","targetHints":{"allow":["GET"]}}],"collection":[{"href":"https:\/\/www.agreedo.com\/es\/wp-json\/wp\/v2\/pages"}],"about":[{"href":"https:\/\/www.agreedo.com\/es\/wp-json\/wp\/v2\/types\/page"}],"author":[{"embeddable":true,"href":"https:\/\/www.agreedo.com\/es\/wp-json\/wp\/v2\/users\/2"}],"replies":[{"embeddable":true,"href":"https:\/\/www.agreedo.com\/es\/wp-json\/wp\/v2\/comments?post=6227"}],"version-history":[{"count":1,"href":"https:\/\/www.agreedo.com\/es\/wp-json\/wp\/v2\/pages\/6227\/revisions"}],"predecessor-version":[{"id":17597,"href":"https:\/\/www.agreedo.com\/es\/wp-json\/wp\/v2\/pages\/6227\/revisions\/17597"}],"wp:attachment":[{"href":"https:\/\/www.agreedo.com\/es\/wp-json\/wp\/v2\/media?parent=6227"}],"curies":[{"name":"wp","href":"https:\/\/api.w.org\/{rel}","templated":true}]}}