{"id":9212,"date":"2021-08-27T05:59:20","date_gmt":"2021-08-27T05:59:20","guid":{"rendered":"https:\/\/test.agreedo.com\/sinscrire\/"},"modified":"2026-02-21T15:49:27","modified_gmt":"2026-02-21T14:49:27","slug":"register","status":"publish","type":"page","link":"https:\/\/www.agreedo.com\/fr\/register\/","title":{"rendered":"S&rsquo;inscrire"},"content":{"rendered":"<p>[et_pb_section fb_built=\u00a0\u00bb1&Prime; _builder_version=\u00a0\u00bb4.16&Prime; _module_preset=\u00a0\u00bbdefault\u00a0\u00bb background_color=\u00a0\u00bb#e6f1f3&Prime; da_disable_devices=\u00a0\u00bboff|off|off\u00a0\u00bb global_colors_info=\u00a0\u00bb{}\u00a0\u00bb da_is_popup=\u00a0\u00bboff\u00a0\u00bb da_exit_intent=\u00a0\u00bboff\u00a0\u00bb da_has_close=\u00a0\u00bbon\u00a0\u00bb da_alt_close=\u00a0\u00bboff\u00a0\u00bb da_dark_close=\u00a0\u00bboff\u00a0\u00bb da_not_modal=\u00a0\u00bbon\u00a0\u00bb da_is_singular=\u00a0\u00bboff\u00a0\u00bb da_with_loader=\u00a0\u00bboff\u00a0\u00bb da_has_shadow=\u00a0\u00bbon\u00a0\u00bb][et_pb_row column_structure=\u00a0\u00bb1_2,1_2&Prime; make_equal=\u00a0\u00bbon\u00a0\u00bb module_class=\u00a0\u00bbcustom_row\u00a0\u00bb _builder_version=\u00a0\u00bb4.16&Prime; _module_preset=\u00a0\u00bbdefault\u00a0\u00bb width=\u00a0\u00bb90%\u00a0\u00bb global_colors_info=\u00a0\u00bb{}\u00a0\u00bb][et_pb_column type=\u00a0\u00bb1_2&Prime; _builder_version=\u00a0\u00bb4.16&Prime; _module_preset=\u00a0\u00bbdefault\u00a0\u00bb custom_css_main_element=\u00a0\u00bbalign-self: center;\u00a0\u00bb global_colors_info=\u00a0\u00bb{}\u00a0\u00bb][et_pb_text _builder_version=\u00a0\u00bb4.16&Prime; _module_preset=\u00a0\u00bbdefault\u00a0\u00bb text_line_height=\u00a0\u00bb1.6em\u00a0\u00bb header_font_size=\u00a0\u00bb48px\u00a0\u00bb header_line_height=\u00a0\u00bb1.2em\u00a0\u00bb global_colors_info=\u00a0\u00bb{}\u00a0\u00bb]<\/p>\n<h1>Cr\u00e9ez votre compte AgreeDo<\/h1>\n<p>Vous pouvez \u00e9ventuellement installer le <a href=\"https:\/\/www.agreedo.com\/fr\/outlook\/\">AgreeDo Plugin for Outlook<\/a> pour acc\u00e9der \u00e0 AgreeDo directement \u00e0 partir d&rsquo;Outlook.<\/p>\n<p>[\/et_pb_text][et_pb_image src=\u00a0\u00bbhttps:\/\/www.agreedo.com\/wp-content\/uploads\/2021\/06\/register-hero.svg\u00a0\u00bb title_text=\u00a0\u00bbregister-hero\u00a0\u00bb _builder_version=\u00a0\u00bb4.16&Prime; _module_preset=\u00a0\u00bbdefault\u00a0\u00bb global_colors_info=\u00a0\u00bb{}\u00a0\u00bb][\/et_pb_image][\/et_pb_column][et_pb_column type=\u00a0\u00bb1_2&Prime; _builder_version=\u00a0\u00bb4.16&Prime; _module_preset=\u00a0\u00bbdefault\u00a0\u00bb background_color=\u00a0\u00bb#FFFFFF\u00a0\u00bb custom_padding=\u00a0\u00bb40px|30px|40px|30px|true|true\u00a0\u00bb border_radii=\u00a0\u00bbon|10px|10px|10px|10px\u00a0\u00bb box_shadow_style=\u00a0\u00bbpreset3&Prime; box_shadow_color=\u00a0\u00bbrgba(0,0,0,0.14)\u00a0\u00bb global_colors_info=\u00a0\u00bb{}\u00a0\u00bb][et_pb_blurb title=\u00a0\u00bbSign up with Google\u00a0\u00bb url=\u00a0\u00bb\/openId?google\u00a0\u00bb image=\u00a0\u00bbhttps:\/\/www.agreedo.com\/wp-content\/uploads\/2021\/06\/google-symbol.svg\u00a0\u00bb icon_placement=\u00a0\u00bbleft\u00a0\u00bb image_icon_width=\u00a0\u00bb30px\u00a0\u00bb content_max_width=\u00a0\u00bb240px\u00a0\u00bb disabled_on=\u00a0\u00bboff|off|off\u00a0\u00bb admin_label=\u00a0\u00bbBlurb: Google Button for OpenID Registration\u00a0\u00bb module_id=\u00a0\u00bbopenIdForm\u00a0\u00bb _builder_version=\u00a0\u00bb4.16&Prime; _module_preset=\u00a0\u00bbdefault\u00a0\u00bb text_orientation=\u00a0\u00bbcenter\u00a0\u00bb module_alignment=\u00a0\u00bbcenter\u00a0\u00bb custom_padding=\u00a0\u00bb10px||10px||true|false\u00a0\u00bb custom_css_blurb_image=\u00a0\u00bbmargin-bottom: 0px;\u00a0\u00bb border_radii=\u00a0\u00bbon|5px|5px|5px|5px\u00a0\u00bb border_width_all=\u00a0\u00bb1px\u00a0\u00bb border_color_all=\u00a0\u00bb#b9b9b9&Prime; box_shadow_style=\u00a0\u00bbpreset3&Prime; box_shadow_color=\u00a0\u00bbrgba(0,0,0,0.1)\u00a0\u00bb image_max_width=\u00a0\u00bb30px\u00a0\u00bb global_colors_info=\u00a0\u00bb{}\u00a0\u00bb][\/et_pb_blurb][et_pb_text disabled_on=\u00a0\u00bboff|off|off\u00a0\u00bb admin_label=\u00a0\u00bbText: OR\u00a0\u00bb module_id=\u00a0\u00bbopenIdForm_Or\u00a0\u00bb _builder_version=\u00a0\u00bb4.16&Prime; _module_preset=\u00a0\u00bbdefault\u00a0\u00bb text_text_color=\u00a0\u00bbrgba(0,0,0,0.5)\u00a0\u00bb text_font_size=\u00a0\u00bb14px\u00a0\u00bb text_orientation=\u00a0\u00bbcenter\u00a0\u00bb global_colors_info=\u00a0\u00bb{}\u00a0\u00bb]<\/p>\n<p>OU<\/p>\n<p>[\/et_pb_text][et_pb_code admin_label=\u00a0\u00bbCode: Check and complete the following information:\u00a0\u00bb _builder_version=\u00a0\u00bb4.16&Prime; _module_preset=\u00a0\u00bbdefault\u00a0\u00bb global_colors_info=\u00a0\u00bb{}\u00a0\u00bb]<\/p>\n<div class=\"row\"><!-- [et_pb_line_break_holder] -->\t<\/p>\n<div class=\"col-sm-12 text-center\"><!-- [et_pb_line_break_holder] -->\t\t<\/p>\n<h1 class=\"hidden\" id=\"openIdContinue\"><strong>Derni\u00e8re \u00e9tape:<\/strong> merci de v\u00e9rifier et compl\u00e9ter les informations suivantes :<\/h1>\n<p><!-- [et_pb_line_break_holder] -->\t<\/div>\n<p><!-- [et_pb_line_break_holder] --><\/div>\n<p><!-- [et_pb_line_break_holder] -->[\/et_pb_code][et_pb_code admin_label=\u00a0\u00bbRegister Form\u00a0\u00bb _builder_version=\u00a0\u00bb4.27.5&Prime; _module_preset=\u00a0\u00bbdefault\u00a0\u00bb custom_padding=\u00a0\u00bb||0px|||\u00a0\u00bb hover_enabled=\u00a0\u00bb0&Prime; global_colors_info=\u00a0\u00bb{}\u00a0\u00bb sticky_enabled=\u00a0\u00bb0&Prime;]<\/p>\n<form role=\"form\" action=\"\/register\" method=\"post\" onsubmit=\"return validateRegister();\" name=\"register\" id=\"register\" accept-charset=\"UTF-8\" class=\"form-horizontal\"><!-- [et_pb_line_break_holder] -->\t<\/p>\n<div class=\"row\"><!-- [et_pb_line_break_holder] -->\t\t<\/p>\n<h1 id=\"register_nonopenid\" class=\"text-center col-sm-12\">Inscription avec Email<\/h1>\n<p><!-- [et_pb_line_break_holder] -->\t\t<\/p>\n<div class=\"\"><!-- [et_pb_line_break_holder] -->\t\t\t<\/p>\n<div class=\"form-group\" id=\"nameGroup\"><!-- [et_pb_line_break_holder] -->\t\t\t\t<\/p>\n<div class=\"col-sm-6\"><!-- [et_pb_line_break_holder] -->\t\t\t\t\t<input class=\"form-control\" type=\"text\" id=\"register_firstname\" name=\"firstname\" placeholder=\"Pr\u00e9nom\" maxlength=\"20\"><!-- [et_pb_line_break_holder] -->\t\t\t\t<\/div>\n<p><!-- [et_pb_line_break_holder] -->\t\t\t\t<\/p>\n<div class=\"col-sm-6\"><!-- [et_pb_line_break_holder] -->\t\t\t\t\t<input class=\"form-control\" type=\"text\" id=\"register_name\" name=\"lastname\" placeholder=\"Nom de famille\" maxlength=\"20\"><!-- [et_pb_line_break_holder] -->\t\t\t\t<\/div>\n<p><!-- [et_pb_line_break_holder] -->\t\t\t<\/div>\n<p><!-- [et_pb_line_break_holder] -->\t\t\t<\/p>\n<div class=\"form-group\" id=\"emailGroup\"><!-- [et_pb_line_break_holder] -->\t\t\t\t<\/p>\n<div class=\"col-sm-12\"><!-- [et_pb_line_break_holder] -->\t\t\t\t\t<\/p>\n<div class=\"input-group\"><!-- [et_pb_line_break_holder] -->\t\t\t\t\t\t<span class=\"input-group-addon\"><!-- [et_pb_line_break_holder] -->\t\t\t\t\t\t\t<i class=\"icon-append fa fa-fw fa-envelope\"><\/i><!-- [et_pb_line_break_holder] -->\t\t\t\t\t\t<\/span><!-- [et_pb_line_break_holder] -->\t\t\t\t\t\t<input class=\"form-control\" type=\"email\" name=\"email\" id=\"register_email\" placeholder=\"Adresse \u00e9lectronique\" maxlength=\"255\"><!-- [et_pb_line_break_holder] -->\t\t\t\t\t\t<!--  <b class=\"tooltip tooltip-bottom-right\">Needed to verify your account<\/b>--><!-- [et_pb_line_break_holder] -->\t\t\t\t\t<\/div>\n<p>\t<!-- [et_pb_line_break_holder] -->\t\t\t\t<\/div>\n<p><!-- [et_pb_line_break_holder] -->\t\t\t<\/div>\n<p><!-- [et_pb_line_break_holder] -->\t\t\t<\/p>\n<div class=\"form-group\" id=\"hide_register_password\"><!-- [et_pb_line_break_holder] -->\t\t\t\t<\/p>\n<div class=\"col-sm-12\"><!-- [et_pb_line_break_holder] -->\t\t\t\t\t<\/p>\n<div class=\"input-group\"><!-- [et_pb_line_break_holder] -->\t\t\t\t\t\t<span class=\"input-group-addon\"><!-- [et_pb_line_break_holder] -->\t\t\t\t\t\t\t<i class=\"icon-append fa fa-fw fa-lock\"><\/i><!-- [et_pb_line_break_holder] -->\t\t\t\t\t\t<\/span><!-- [et_pb_line_break_holder] -->\t\t\t\t\t\t<input class=\"form-control\" type=\"password\" name=\"password\" placeholder=\"Mot de passe\" id=\"register_password\" maxlength=\"255\"><!-- [et_pb_line_break_holder] -->\t\t\t\t\t\t<!-- <b class=\"tooltip tooltip-bottom-right\">Don't forget your password<\/b>--><!-- [et_pb_line_break_holder] -->\t\t\t\t\t<\/div>\n<p><!-- [et_pb_line_break_holder] -->\t\t\t\t<\/div>\n<p><!-- [et_pb_line_break_holder] -->\t\t\t<\/div>\n<p><!-- [et_pb_line_break_holder] -->\t\t\t<\/p>\n<div class=\"form-group\" id=\"hide_register_password2\"><!-- [et_pb_line_break_holder] -->\t\t\t\t<\/p>\n<div class=\"col-sm-12\"><!-- [et_pb_line_break_holder] -->\t\t\t\t\t<\/p>\n<div class=\"input-group\"><!-- [et_pb_line_break_holder] --><!-- [et_pb_line_break_holder] -->\t\t\t\t\t\t<span class=\"input-group-addon\"><!-- [et_pb_line_break_holder] -->\t\t\t\t\t\t\t<i class=\"icon-append fa-fw fa fa-lock\"><\/i><!-- [et_pb_line_break_holder] -->\t\t\t\t\t\t<\/span> <!-- [et_pb_line_break_holder] -->\t\t\t\t\t\t<input class=\"form-control\" type=\"password\" name=\"password2\" placeholder=\"R\u00e9p\u00e9tez le mot de passe\" id=\"register_password2\" maxlength=\"255\"><!-- [et_pb_line_break_holder] -->\t\t\t\t\t\t<!-- <b class=\"tooltip tooltip-bottom-right\">Don't forget your password<\/b>-->\t\t<!-- [et_pb_line_break_holder] -->\t\t\t\t\t<\/div>\n<p><!-- [et_pb_line_break_holder] -->\t\t\t\t<\/div>\n<p><!-- [et_pb_line_break_holder] -->\t\t\t<\/div>\n<p><!-- [et_pb_line_break_holder] -->\t\t\t<\/p>\n<div class=\"form-group\"><!-- [et_pb_line_break_holder] -->\t\t\t\t<\/p>\n<div class=\"col-sm-12\">\t\t\t\t\t<!-- [et_pb_line_break_holder] -->\t\t\t\t\t<input class=\"form-control\" type=\"text\" name=\"referrer\" id=\"register_ref\" placeholder=\"Comment avez-vous connu AgreeDo ?\" maxlength=\"255\"><!-- [et_pb_line_break_holder] -->\t\t\t\t<\/div>\n<p>\t\t\t\t\t\t<!-- [et_pb_line_break_holder] -->\t\t\t<\/div>\n<p><!-- [et_pb_line_break_holder] -->\t\t\t<\/p>\n<div class=\"form-group\"><!-- [et_pb_line_break_holder] -->\t\t\t\t<\/p>\n<div class=\"col-sm-12\"><!-- [et_pb_line_break_holder] -->\t\t\t\t\t<\/p>\n<div class=\"checkbox\"><!-- [et_pb_line_break_holder] -->\t\t\t\t\t\t<label><input type=\"checkbox\" name=\"newsletter\" id=\"register_newsletter\">Souscrire \u00e0 la lettre d&rsquo;information d&rsquo;AgreeDo <\/label><!-- [et_pb_line_break_holder] -->\t\t\t\t\t<\/div>\n<p><!-- [et_pb_line_break_holder] -->\t\t\t\t<\/div>\n<p><!-- [et_pb_line_break_holder] -->\t\t\t<\/div>\n<p><!-- [et_pb_line_break_holder] -->\t\t\t<\/p>\n<div class=\"form-group\" id=\"termsGroup\"><!-- [et_pb_line_break_holder] -->\t\t\t\t<\/p>\n<div class=\"col-sm-12\">\t\t<!-- [et_pb_line_break_holder] -->\t\t\t\t\t<\/p>\n<div class=\"checkbox\"><!-- [et_pb_line_break_holder] -->\t\t\t\t\t\t<label><input type=\"checkbox\" name=\"acceptterms\" id=\"register_terms\">J&rsquo;ai lu et accept\u00e9 les <a href=\"terms.html\" target=\"_blank\" rel=\"noopener\">conditions d&rsquo;utilisation<\/a> et la <a href=\"privacy.html\" target=\"_blank\" rel=\"noopener\">politique de confidentialit\u00e9<\/a> d&rsquo;AgreeDo.com<\/label><!-- [et_pb_line_break_holder] -->\t\t\t\t\t<\/div>\n<p><!-- [et_pb_line_break_holder] -->\t\t\t\t<\/div>\n<p><!-- [et_pb_line_break_holder] -->\t\t\t<\/div>\n<p><!-- [et_pb_line_break_holder] -->\t\t\t<\/p>\n<div class=\"form-group\"><!-- [et_pb_line_break_holder] -->\t\t\t\t<\/p>\n<div class=\"col-sm-12\">\t\t\t\t<!-- [et_pb_line_break_holder] -->\t\t\t\t\t<button type=\"submit\" id=\"submit_button\" value=\"Envoyer\" class=\"btn btn-theme-bg center-block btn-lg\">Continuer<\/button><!-- [et_pb_line_break_holder] -->\t\t\t\t<\/div>\n<p><!-- [et_pb_line_break_holder] -->\t\t\t<\/div>\n<p><!-- [et_pb_line_break_holder] -->\t\t\t<input type=\"hidden\" name=\"timezone\" value=\"unrecognized\"> <!-- [et_pb_line_break_holder] -->\t\t\t<input type=\"hidden\" name=\"redirect\" value=\"\" id=\"redirect\"> <!-- [et_pb_line_break_holder] -->\t\t\t<input type=\"hidden\" name=\"locale\" id=\"locale\" value=\"en\"> <!-- [et_pb_line_break_holder] -->\t\t\t<input type=\"hidden\" name=\"openId\" value=\"false\"><!-- [et_pb_line_break_holder] -->\t\t\t<!-- [et_pb_line_break_holder] -->\t\t\t<!--login form wrap end--><!-- [et_pb_line_break_holder] -->\t\t<\/div>\n<p><!-- [et_pb_line_break_holder] -->\t<\/div>\n<p><!-- [et_pb_line_break_holder] --><\/form>\n<p>[\/et_pb_code][et_pb_code admin_label=\u00a0\u00bbSet hidden local with WPML language\u00a0\u00bb _builder_version=\u00a0\u00bb4.16&Prime; _module_preset=\u00a0\u00bbdefault\u00a0\u00bb global_colors_info=\u00a0\u00bb{}\u00a0\u00bb]<script><!-- [et_pb_line_break_holder] -->\tdocument.getElementById(\"locale\").value = wpml_current_lang;<!-- [et_pb_line_break_holder] --><\/script>[\/et_pb_code][et_pb_code admin_label=\u00a0\u00bbCSS from Boostrap for Error Display\u00a0\u00bb _builder_version=\u00a0\u00bb4.16&Prime; _module_preset=\u00a0\u00bbdefault\u00a0\u00bb global_colors_info=\u00a0\u00bb{}\u00a0\u00bb]<\/p>\n<style><!-- [et_pb_line_break_holder] -->  .hidden {<!-- [et_pb_line_break_holder] -->    display: none!important;<!-- [et_pb_line_break_holder] -->\t}<!-- [et_pb_line_break_holder] -->  <!-- [et_pb_line_break_holder] -->  .has-error .checkbox,.has-error .checkbox-inline,.has-error .control-label,.has-error .help-block,.has-error .radio,.has-error .radio-inline,.has-error.checkbox label,.has-error.checkbox-inline label,.has-error.radio label,.has-error.radio-inline label{<!-- [et_pb_line_break_holder] -->      color:#a94442<!-- [et_pb_line_break_holder] -->  }<!-- [et_pb_line_break_holder] -->  .has-error .form-control{<!-- [et_pb_line_break_holder] -->      border-color:#a94442;<!-- [et_pb_line_break_holder] -->      -webkit-box-shadow:inset 0 1px 1px rgba(0,0,0,.075);<!-- [et_pb_line_break_holder] -->      box-shadow:inset 0 1px 1px rgba(0,0,0,.075)<!-- [et_pb_line_break_holder] -->  }<!-- [et_pb_line_break_holder] -->  .has-error .form-control:focus{<!-- [et_pb_line_break_holder] -->      border-color:#843534;<!-- [et_pb_line_break_holder] -->      -webkit-box-shadow:inset 0 1px 1px rgba(0,0,0,.075),0 0 6px #ce8483;<!-- [et_pb_line_break_holder] -->      box-shadow:inset 0 1px 1px rgba(0,0,0,.075),0 0 6px #ce8483<!-- [et_pb_line_break_holder] -->  }<!-- [et_pb_line_break_holder] -->  .has-error .input-group-addon{<!-- [et_pb_line_break_holder] -->      color:#a94442;<!-- [et_pb_line_break_holder] -->      background-color:#f2dede;<!-- [et_pb_line_break_holder] -->      border-color:#a94442<!-- [et_pb_line_break_holder] -->  }<!-- [et_pb_line_break_holder] -->  .has-error .form-control-feedback{<!-- [et_pb_line_break_holder] -->      color:#a94442<!-- [et_pb_line_break_holder] -->  }<!-- [et_pb_line_break_holder] --><\/style>\n<p>[\/et_pb_code][\/et_pb_column][\/et_pb_row][\/et_pb_section]<\/p>\n","protected":false},"excerpt":{"rendered":"<p>Cr\u00e9ez votre compte AgreeDo Vous pouvez \u00e9ventuellement installer le AgreeDo Plugin for Outlook pour acc\u00e9der \u00e0 AgreeDo directement \u00e0 partir d&rsquo;Outlook.OU<\/p>\n","protected":false},"author":2,"featured_media":0,"parent":0,"menu_order":0,"comment_status":"closed","ping_status":"closed","template":"","meta":{"_et_pb_use_builder":"on","_et_pb_old_content":"","_et_gb_content_width":"","footnotes":""},"class_list":["post-9212","page","type-page","status-publish","hentry"],"_links":{"self":[{"href":"https:\/\/www.agreedo.com\/fr\/wp-json\/wp\/v2\/pages\/9212","targetHints":{"allow":["GET"]}}],"collection":[{"href":"https:\/\/www.agreedo.com\/fr\/wp-json\/wp\/v2\/pages"}],"about":[{"href":"https:\/\/www.agreedo.com\/fr\/wp-json\/wp\/v2\/types\/page"}],"author":[{"embeddable":true,"href":"https:\/\/www.agreedo.com\/fr\/wp-json\/wp\/v2\/users\/2"}],"replies":[{"embeddable":true,"href":"https:\/\/www.agreedo.com\/fr\/wp-json\/wp\/v2\/comments?post=9212"}],"version-history":[{"count":9,"href":"https:\/\/www.agreedo.com\/fr\/wp-json\/wp\/v2\/pages\/9212\/revisions"}],"predecessor-version":[{"id":20270,"href":"https:\/\/www.agreedo.com\/fr\/wp-json\/wp\/v2\/pages\/9212\/revisions\/20270"}],"wp:attachment":[{"href":"https:\/\/www.agreedo.com\/fr\/wp-json\/wp\/v2\/media?parent=9212"}],"curies":[{"name":"wp","href":"https:\/\/api.w.org\/{rel}","templated":true}]}}